{"id":50119,"date":"2025-12-08T22:14:24","date_gmt":"2025-12-08T21:14:24","guid":{"rendered":"https:\/\/bpshop.hu\/?post_type=product&#038;p=50119"},"modified":"2025-12-08T22:20:33","modified_gmt":"2025-12-08T21:20:33","slug":"huf-crackerjack-satin-baseball-forest-jacket-masolat-masolat-masolat-masolat","status":"publish","type":"product","link":"https:\/\/bpshop.hu\/en\/termek\/huf-crackerjack-satin-baseball-forest-jacket-masolat-masolat-masolat-masolat\/","title":{"rendered":"HUF Crackerjack Satin Baseball Forest Jacket (m\u00e1solat) (m\u00e1solat) (m\u00e1solat) (m\u00e1solat)"},"content":{"rendered":"<ul>\n<li><span class=\"HwtZe\" lang=\"hu\"><span class=\"jCAhz ChMk0b\"><span class=\"ryNqvb\">Bomber jacket with quilted interior and button closure  <\/span><\/span><\/span><\/li>\n<li><span class=\"HwtZe\" lang=\"hu\"><span class=\"jCAhz ChMk0b\"><span class=\"ryNqvb\">Side pockets and one inside pocket  <\/span><\/span><\/span><\/li>\n<li><span class=\"HwtZe\" lang=\"hu\"><span class=\"jCAhz ChMk0b\"><span class=\"ryNqvb\">Elasticated cuffs, collar and bottom  <\/span><\/span><\/span><\/li>\n<li><span class=\"HwtZe\" lang=\"hu\"><span class=\"jCAhz ChMk0b\"><span class=\"ryNqvb\">Worldwide inscription on the back  <\/span><\/span><\/span><\/li>\n<li><span class=\"HwtZe\" lang=\"hu\"><span class=\"jCAhz ChMk0b\"><span class=\"ryNqvb\">Material: 100% nylon (100% polyester lining)  <\/span><\/span><\/span><\/li>\n<li><span class=\"HwtZe\" lang=\"hu\"><span class=\"jCAhz\"><span class=\"ryNqvb\">Hand\/machine washable (read the label)<\/span><\/span><\/span><\/li>\n<\/ul>\n","protected":false},"excerpt":{"rendered":"<p>Bomber jacket with quilted interior and button closure Side pockets and one inside pocket Elasticated cuffs, collar and bottom Worldwide inscription on the back Material: 100% nylon (100% polyester lining) Hand\/machine washable (read the label)<\/p>\n","protected":false},"featured_media":50135,"template":"","meta":{"_acf_changed":false},"product_brand":[],"product_cat":[1592,1271],"product_tag":[1274,1256],"class_list":{"0":"post-50119","1":"product","2":"type-product","3":"status-publish","4":"has-post-thumbnail","6":"product_cat-coat","7":"product_cat-whats-new","8":"product_tag-new","9":"product_tag-not-on-sale","11":"first","12":"instock","13":"taxable","14":"shipping-taxable","15":"purchasable","16":"product-type-variable"},"acf":[],"yoast_head":"<!-- This site is optimized with the Yoast SEO plugin v27.5 - https:\/\/yoast.com\/product\/yoast-seo-wordpress\/ -->\n<title>HUF Crackerjack Satin Baseball Forest Jacket (m\u00e1solat) (m\u00e1solat) (m\u00e1solat) (m\u00e1solat) - BP Shop<\/title>\n<meta name=\"description\" content=\"The cold weather has arrived. But don&#039;t worry, you won&#039;t have to compromise between style and warmth with this HUF Baseball Jacket.\" \/>\n<meta name=\"robots\" content=\"index, follow, max-snippet:-1, max-image-preview:large, max-video-preview:-1\" \/>\n<link rel=\"canonical\" href=\"https:\/\/bpshop.hu\/en\/termek\/huf-crackerjack-satin-baseball-forest-jacket-masolat-masolat-masolat-masolat\/\" \/>\n<meta property=\"og:locale\" content=\"en_US\" \/>\n<meta property=\"og:type\" content=\"article\" \/>\n<meta property=\"og:title\" content=\"HUF Crackerjack Satin Baseball Forest Jacket (m\u00e1solat) (m\u00e1solat) (m\u00e1solat) (m\u00e1solat) - BP Shop\" \/>\n<meta property=\"og:description\" content=\"The cold weather has arrived. But don&#039;t worry, you won&#039;t have to compromise between style and warmth with this HUF Baseball Jacket.\" \/>\n<meta property=\"og:url\" content=\"https:\/\/bpshop.hu\/en\/termek\/huf-crackerjack-satin-baseball-forest-jacket-masolat-masolat-masolat-masolat\/\" \/>\n<meta property=\"og:site_name\" content=\"BP Shop\" \/>\n<meta property=\"article:publisher\" content=\"https:\/\/www.facebook.com\/bpshophungary\" \/>\n<meta property=\"article:modified_time\" content=\"2025-12-08T21:20:33+00:00\" \/>\n<meta property=\"og:image\" content=\"https:\/\/bpshop.hu\/wp-content\/uploads\/2025\/12\/melleny.png\" \/>\n\t<meta property=\"og:image:width\" content=\"1000\" \/>\n\t<meta property=\"og:image:height\" content=\"1000\" \/>\n\t<meta property=\"og:image:type\" content=\"image\/png\" \/>\n<meta name=\"twitter:card\" content=\"summary_large_image\" \/>\n<script type=\"application\/ld+json\" class=\"yoast-schema-graph\">{\"@context\":\"https:\\\/\\\/schema.org\",\"@graph\":[{\"@type\":\"WebPage\",\"@id\":\"https:\\\/\\\/bpshop.hu\\\/en\\\/termek\\\/huf-crackerjack-satin-baseball-forest-jacket-masolat-masolat-masolat-masolat\\\/\",\"url\":\"https:\\\/\\\/bpshop.hu\\\/en\\\/termek\\\/huf-crackerjack-satin-baseball-forest-jacket-masolat-masolat-masolat-masolat\\\/\",\"name\":\"HUF Crackerjack Satin Baseball Forest Jacket (m\u00e1solat) (m\u00e1solat) (m\u00e1solat) (m\u00e1solat) - BP Shop\",\"isPartOf\":{\"@id\":\"https:\\\/\\\/bpshop.hu\\\/#website\"},\"primaryImageOfPage\":{\"@id\":\"https:\\\/\\\/bpshop.hu\\\/en\\\/termek\\\/huf-crackerjack-satin-baseball-forest-jacket-masolat-masolat-masolat-masolat\\\/#primaryimage\"},\"image\":{\"@id\":\"https:\\\/\\\/bpshop.hu\\\/en\\\/termek\\\/huf-crackerjack-satin-baseball-forest-jacket-masolat-masolat-masolat-masolat\\\/#primaryimage\"},\"thumbnailUrl\":\"https:\\\/\\\/bpshop.hu\\\/wp-content\\\/uploads\\\/2025\\\/12\\\/melleny.png\",\"datePublished\":\"2025-12-08T21:14:24+00:00\",\"dateModified\":\"2025-12-08T21:20:33+00:00\",\"description\":\"The cold weather has arrived. But don't worry, you won't have to compromise between style and warmth with this HUF Baseball Jacket.\",\"breadcrumb\":{\"@id\":\"https:\\\/\\\/bpshop.hu\\\/en\\\/termek\\\/huf-crackerjack-satin-baseball-forest-jacket-masolat-masolat-masolat-masolat\\\/#breadcrumb\"},\"inLanguage\":\"en-US\",\"potentialAction\":[{\"@type\":\"ReadAction\",\"target\":[\"https:\\\/\\\/bpshop.hu\\\/en\\\/termek\\\/huf-crackerjack-satin-baseball-forest-jacket-masolat-masolat-masolat-masolat\\\/\"]}]},{\"@type\":\"ImageObject\",\"inLanguage\":\"en-US\",\"@id\":\"https:\\\/\\\/bpshop.hu\\\/en\\\/termek\\\/huf-crackerjack-satin-baseball-forest-jacket-masolat-masolat-masolat-masolat\\\/#primaryimage\",\"url\":\"https:\\\/\\\/bpshop.hu\\\/wp-content\\\/uploads\\\/2025\\\/12\\\/melleny.png\",\"contentUrl\":\"https:\\\/\\\/bpshop.hu\\\/wp-content\\\/uploads\\\/2025\\\/12\\\/melleny.png\",\"width\":1000,\"height\":1000},{\"@type\":\"BreadcrumbList\",\"@id\":\"https:\\\/\\\/bpshop.hu\\\/en\\\/termek\\\/huf-crackerjack-satin-baseball-forest-jacket-masolat-masolat-masolat-masolat\\\/#breadcrumb\",\"itemListElement\":[{\"@type\":\"ListItem\",\"position\":1,\"name\":\"Kezd\u0151lap\",\"item\":\"https:\\\/\\\/bpshop.hu\\\/\"},{\"@type\":\"ListItem\",\"position\":2,\"name\":\"Shop\",\"item\":\"https:\\\/\\\/bpshop.hu\\\/uzlet\\\/\"},{\"@type\":\"ListItem\",\"position\":3,\"name\":\"HUF Crackerjack Satin Baseball Forest Jacket (m\u00e1solat) (m\u00e1solat) (m\u00e1solat) (m\u00e1solat)\"}]},{\"@type\":\"WebSite\",\"@id\":\"https:\\\/\\\/bpshop.hu\\\/#website\",\"url\":\"https:\\\/\\\/bpshop.hu\\\/\",\"name\":\"BP Shop\",\"description\":\"BP Clothing\",\"publisher\":{\"@id\":\"https:\\\/\\\/bpshop.hu\\\/#organization\"},\"potentialAction\":[{\"@type\":\"SearchAction\",\"target\":{\"@type\":\"EntryPoint\",\"urlTemplate\":\"https:\\\/\\\/bpshop.hu\\\/?s={search_term_string}\"},\"query-input\":{\"@type\":\"PropertyValueSpecification\",\"valueRequired\":true,\"valueName\":\"search_term_string\"}}],\"inLanguage\":\"en-US\"},{\"@type\":\"Organization\",\"@id\":\"https:\\\/\\\/bpshop.hu\\\/#organization\",\"name\":\"BP Shop\",\"url\":\"https:\\\/\\\/bpshop.hu\\\/\",\"logo\":{\"@type\":\"ImageObject\",\"inLanguage\":\"en-US\",\"@id\":\"https:\\\/\\\/bpshop.hu\\\/#\\\/schema\\\/logo\\\/image\\\/\",\"url\":\"https:\\\/\\\/bpshop.hu\\\/wp-content\\\/uploads\\\/2023\\\/09\\\/BP_logo_100x.png\",\"contentUrl\":\"https:\\\/\\\/bpshop.hu\\\/wp-content\\\/uploads\\\/2023\\\/09\\\/BP_logo_100x.png\",\"width\":100,\"height\":79,\"caption\":\"BP Shop\"},\"image\":{\"@id\":\"https:\\\/\\\/bpshop.hu\\\/#\\\/schema\\\/logo\\\/image\\\/\"},\"sameAs\":[\"https:\\\/\\\/www.facebook.com\\\/bpshophungary\",\"https:\\\/\\\/www.instagram.com\\\/bpshop1873\\\/\"]}]}<\/script>\n<!-- \/ Yoast SEO plugin. -->","yoast_head_json":{"title":"HUF Crackerjack Satin Baseball Forest Jacket (m\u00e1solat) (m\u00e1solat) (m\u00e1solat) (m\u00e1solat) - BP Shop","description":"The cold weather has arrived. But don't worry, you won't have to compromise between style and warmth with this HUF Baseball Jacket.","robots":{"index":"index","follow":"follow","max-snippet":"max-snippet:-1","max-image-preview":"max-image-preview:large","max-video-preview":"max-video-preview:-1"},"canonical":"https:\/\/bpshop.hu\/en\/termek\/huf-crackerjack-satin-baseball-forest-jacket-masolat-masolat-masolat-masolat\/","og_locale":"en_US","og_type":"article","og_title":"HUF Crackerjack Satin Baseball Forest Jacket (m\u00e1solat) (m\u00e1solat) (m\u00e1solat) (m\u00e1solat) - BP Shop","og_description":"The cold weather has arrived. But don't worry, you won't have to compromise between style and warmth with this HUF Baseball Jacket.","og_url":"https:\/\/bpshop.hu\/en\/termek\/huf-crackerjack-satin-baseball-forest-jacket-masolat-masolat-masolat-masolat\/","og_site_name":"BP Shop","article_publisher":"https:\/\/www.facebook.com\/bpshophungary","article_modified_time":"2025-12-08T21:20:33+00:00","og_image":[{"width":1000,"height":1000,"url":"https:\/\/bpshop.hu\/wp-content\/uploads\/2025\/12\/melleny.png","type":"image\/png"}],"twitter_card":"summary_large_image","schema":{"@context":"https:\/\/schema.org","@graph":[{"@type":"WebPage","@id":"https:\/\/bpshop.hu\/en\/termek\/huf-crackerjack-satin-baseball-forest-jacket-masolat-masolat-masolat-masolat\/","url":"https:\/\/bpshop.hu\/en\/termek\/huf-crackerjack-satin-baseball-forest-jacket-masolat-masolat-masolat-masolat\/","name":"HUF Crackerjack Satin Baseball Forest Jacket (m\u00e1solat) (m\u00e1solat) (m\u00e1solat) (m\u00e1solat) - BP Shop","isPartOf":{"@id":"https:\/\/bpshop.hu\/#website"},"primaryImageOfPage":{"@id":"https:\/\/bpshop.hu\/en\/termek\/huf-crackerjack-satin-baseball-forest-jacket-masolat-masolat-masolat-masolat\/#primaryimage"},"image":{"@id":"https:\/\/bpshop.hu\/en\/termek\/huf-crackerjack-satin-baseball-forest-jacket-masolat-masolat-masolat-masolat\/#primaryimage"},"thumbnailUrl":"https:\/\/bpshop.hu\/wp-content\/uploads\/2025\/12\/melleny.png","datePublished":"2025-12-08T21:14:24+00:00","dateModified":"2025-12-08T21:20:33+00:00","description":"The cold weather has arrived. But don't worry, you won't have to compromise between style and warmth with this HUF Baseball Jacket.","breadcrumb":{"@id":"https:\/\/bpshop.hu\/en\/termek\/huf-crackerjack-satin-baseball-forest-jacket-masolat-masolat-masolat-masolat\/#breadcrumb"},"inLanguage":"en-US","potentialAction":[{"@type":"ReadAction","target":["https:\/\/bpshop.hu\/en\/termek\/huf-crackerjack-satin-baseball-forest-jacket-masolat-masolat-masolat-masolat\/"]}]},{"@type":"ImageObject","inLanguage":"en-US","@id":"https:\/\/bpshop.hu\/en\/termek\/huf-crackerjack-satin-baseball-forest-jacket-masolat-masolat-masolat-masolat\/#primaryimage","url":"https:\/\/bpshop.hu\/wp-content\/uploads\/2025\/12\/melleny.png","contentUrl":"https:\/\/bpshop.hu\/wp-content\/uploads\/2025\/12\/melleny.png","width":1000,"height":1000},{"@type":"BreadcrumbList","@id":"https:\/\/bpshop.hu\/en\/termek\/huf-crackerjack-satin-baseball-forest-jacket-masolat-masolat-masolat-masolat\/#breadcrumb","itemListElement":[{"@type":"ListItem","position":1,"name":"Kezd\u0151lap","item":"https:\/\/bpshop.hu\/"},{"@type":"ListItem","position":2,"name":"Shop","item":"https:\/\/bpshop.hu\/uzlet\/"},{"@type":"ListItem","position":3,"name":"HUF Crackerjack Satin Baseball Forest Jacket (m\u00e1solat) (m\u00e1solat) (m\u00e1solat) (m\u00e1solat)"}]},{"@type":"WebSite","@id":"https:\/\/bpshop.hu\/#website","url":"https:\/\/bpshop.hu\/","name":"BP Shop","description":"BP Clothing","publisher":{"@id":"https:\/\/bpshop.hu\/#organization"},"potentialAction":[{"@type":"SearchAction","target":{"@type":"EntryPoint","urlTemplate":"https:\/\/bpshop.hu\/?s={search_term_string}"},"query-input":{"@type":"PropertyValueSpecification","valueRequired":true,"valueName":"search_term_string"}}],"inLanguage":"en-US"},{"@type":"Organization","@id":"https:\/\/bpshop.hu\/#organization","name":"BP Shop","url":"https:\/\/bpshop.hu\/","logo":{"@type":"ImageObject","inLanguage":"en-US","@id":"https:\/\/bpshop.hu\/#\/schema\/logo\/image\/","url":"https:\/\/bpshop.hu\/wp-content\/uploads\/2023\/09\/BP_logo_100x.png","contentUrl":"https:\/\/bpshop.hu\/wp-content\/uploads\/2023\/09\/BP_logo_100x.png","width":100,"height":79,"caption":"BP Shop"},"image":{"@id":"https:\/\/bpshop.hu\/#\/schema\/logo\/image\/"},"sameAs":["https:\/\/www.facebook.com\/bpshophungary","https:\/\/www.instagram.com\/bpshop1873\/"]}]}},"_links":{"self":[{"href":"https:\/\/bpshop.hu\/en\/wp-json\/wp\/v2\/product\/50119","targetHints":{"allow":["GET"]}}],"collection":[{"href":"https:\/\/bpshop.hu\/en\/wp-json\/wp\/v2\/product"}],"about":[{"href":"https:\/\/bpshop.hu\/en\/wp-json\/wp\/v2\/types\/product"}],"wp:featuredmedia":[{"embeddable":true,"href":"https:\/\/bpshop.hu\/en\/wp-json\/wp\/v2\/media\/50135"}],"wp:attachment":[{"href":"https:\/\/bpshop.hu\/en\/wp-json\/wp\/v2\/media?parent=50119"}],"wp:term":[{"taxonomy":"product_brand","embeddable":true,"href":"https:\/\/bpshop.hu\/en\/wp-json\/wp\/v2\/product_brand?post=50119"},{"taxonomy":"product_cat","embeddable":true,"href":"https:\/\/bpshop.hu\/en\/wp-json\/wp\/v2\/product_cat?post=50119"},{"taxonomy":"product_tag","embeddable":true,"href":"https:\/\/bpshop.hu\/en\/wp-json\/wp\/v2\/product_tag?post=50119"}],"curies":[{"name":"wp","href":"https:\/\/api.w.org\/{rel}","templated":true}]}}