{"id":49475,"date":"2025-12-01T14:12:06","date_gmt":"2025-12-01T13:12:06","guid":{"rendered":"https:\/\/bpshop.hu\/?post_type=product&#038;p=49475"},"modified":"2025-12-01T14:22:25","modified_gmt":"2025-12-01T13:22:25","slug":"bp-clothing-x-pepsi-sweet-drip-oversize-beige-tee-masolat-masolat-masolat-masolat-masolat-masolat-masolat-2","status":"publish","type":"product","link":"https:\/\/bpshop.hu\/en\/termek\/bp-clothing-x-pepsi-sweet-drip-oversize-beige-tee-masolat-masolat-masolat-masolat-masolat-masolat-masolat-2\/","title":{"rendered":"BP Clothing x Pepsi Sweet Drip Oversize Beige Tee (m\u00e1solat) (m\u00e1solat) (m\u00e1solat) (m\u00e1solat) (m\u00e1solat) (m\u00e1solat) (m\u00e1solat)"},"content":{"rendered":"<p><b>BP Clothing x Pepsi &#8211; Strawberry Vanilla Capsule Collection<\/b><b><\/b><\/p>\n<p>A sip of freshness, a splash of style &#8211; BP Clothing and Pepsi&#8217;s joint capsule collection inspired by the new <b>strawberry-vanilla Pepsi<\/b> has arrived. This collab translates the boldest flavours of summer into streetwear: vibrant colours, a retro Pepsi vibe, a limited edition design that&#8217;s impossible to miss. <\/p>\n<p>The pieces in the collection combine the characterful world of BP with the iconic Pepsi image &#8211; all with a strawberry-vanilla twist. If you love unique flavours and extra outfits, this drop is for you. <\/p>\n<p>\ud83d\udd25 Limited edition<\/p>\n<p>\ud83e\udd64 Unique logo and colour scheme<\/p>\n<p>\ud83c\udded\ud83c\uddfa Domestic design and manufacturing<\/p>\n<p>\ud83d\udce6 Available only in BP Shop and on the webshop<\/p>\n<p>Be part of Team Sweet &#8211; <b>#BPxPepsi<\/b><\/p>\n","protected":false},"excerpt":{"rendered":"<p>Discover BP Clothing x Pepsi&#8217;s limited edition capsule collection inspired by the new strawberry-vanilla Pepsi flavour! Unique streetwear pieces, iconic design. <\/p>\n","protected":false},"featured_media":49600,"template":"","meta":{"_acf_changed":false},"product_brand":[1135],"product_cat":[1251,1758,1252,1335,1271],"product_tag":[1373],"class_list":{"0":"post-49475","1":"product","2":"type-product","3":"status-publish","4":"has-post-thumbnail","6":"product_brand-bp-clothing","7":"product_cat-bp-clothing","8":"product_cat-sale40","9":"product_cat-sweaters","10":"product_cat-unisex","11":"product_cat-whats-new","12":"product_tag-bp-clothing","14":"first","15":"instock","16":"taxable","17":"shipping-taxable","18":"purchasable","19":"product-type-variable"},"acf":[],"yoast_head":"<!-- This site is optimized with the Yoast SEO plugin v27.2 - https:\/\/yoast.com\/product\/yoast-seo-wordpress\/ -->\n<title>BP Clothing x Pepsi Sweet Drip Oversize Beige Tee (m\u00e1solat) (m\u00e1solat) (m\u00e1solat) (m\u00e1solat) (m\u00e1solat) (m\u00e1solat) (m\u00e1solat) - BP Shop<\/title>\n<meta name=\"description\" content=\"Discover BP Clothing x Pepsi&#039;s limited edition capsule collection inspired by the new strawberry-vanilla Pepsi flavour! Unique streetwear pieces, iconic design.\" \/>\n<meta name=\"robots\" content=\"index, follow, max-snippet:-1, max-image-preview:large, max-video-preview:-1\" \/>\n<link rel=\"canonical\" href=\"https:\/\/bpshop.hu\/en\/termek\/bp-clothing-x-pepsi-sweet-drip-oversize-beige-tee-masolat-masolat-masolat-masolat-masolat-masolat-masolat-2\/\" \/>\n<meta property=\"og:locale\" content=\"en_US\" \/>\n<meta property=\"og:type\" content=\"article\" \/>\n<meta property=\"og:title\" content=\"BP Clothing x Pepsi Sweet Drip Oversize Beige Tee (m\u00e1solat) (m\u00e1solat) (m\u00e1solat) (m\u00e1solat) (m\u00e1solat) (m\u00e1solat) (m\u00e1solat) - BP Shop\" \/>\n<meta property=\"og:description\" content=\"Discover BP Clothing x Pepsi&#039;s limited edition capsule collection inspired by the new strawberry-vanilla Pepsi flavour! Unique streetwear pieces, iconic design.\" \/>\n<meta property=\"og:url\" content=\"https:\/\/bpshop.hu\/en\/termek\/bp-clothing-x-pepsi-sweet-drip-oversize-beige-tee-masolat-masolat-masolat-masolat-masolat-masolat-masolat-2\/\" \/>\n<meta property=\"og:site_name\" content=\"BP Shop\" \/>\n<meta property=\"article:publisher\" content=\"https:\/\/www.facebook.com\/bpshophungary\" \/>\n<meta property=\"article:modified_time\" content=\"2025-12-01T13:22:25+00:00\" \/>\n<meta property=\"og:image\" content=\"https:\/\/bpshop.hu\/wp-content\/uploads\/2025\/12\/2.png\" \/>\n\t<meta property=\"og:image:width\" content=\"1000\" \/>\n\t<meta property=\"og:image:height\" content=\"1000\" \/>\n\t<meta property=\"og:image:type\" content=\"image\/png\" \/>\n<meta name=\"twitter:card\" content=\"summary_large_image\" \/>\n<meta name=\"twitter:label1\" content=\"Est. reading time\" \/>\n\t<meta name=\"twitter:data1\" content=\"1 minute\" \/>\n<script type=\"application\/ld+json\" class=\"yoast-schema-graph\">{\"@context\":\"https:\/\/schema.org\",\"@graph\":[{\"@type\":\"WebPage\",\"@id\":\"https:\/\/bpshop.hu\/en\/termek\/bp-clothing-x-pepsi-sweet-drip-oversize-beige-tee-masolat-masolat-masolat-masolat-masolat-masolat-masolat-2\/\",\"url\":\"https:\/\/bpshop.hu\/en\/termek\/bp-clothing-x-pepsi-sweet-drip-oversize-beige-tee-masolat-masolat-masolat-masolat-masolat-masolat-masolat-2\/\",\"name\":\"BP Clothing x Pepsi Sweet Drip Oversize Beige Tee (m\u00e1solat) (m\u00e1solat) (m\u00e1solat) (m\u00e1solat) (m\u00e1solat) (m\u00e1solat) (m\u00e1solat) - BP Shop\",\"isPartOf\":{\"@id\":\"https:\/\/bpshop.hu\/#website\"},\"primaryImageOfPage\":{\"@id\":\"https:\/\/bpshop.hu\/en\/termek\/bp-clothing-x-pepsi-sweet-drip-oversize-beige-tee-masolat-masolat-masolat-masolat-masolat-masolat-masolat-2\/#primaryimage\"},\"image\":{\"@id\":\"https:\/\/bpshop.hu\/en\/termek\/bp-clothing-x-pepsi-sweet-drip-oversize-beige-tee-masolat-masolat-masolat-masolat-masolat-masolat-masolat-2\/#primaryimage\"},\"thumbnailUrl\":\"https:\/\/bpshop.hu\/wp-content\/uploads\/2025\/12\/woodcamp-back.png\",\"datePublished\":\"2025-12-01T13:12:06+00:00\",\"dateModified\":\"2025-12-01T13:22:25+00:00\",\"description\":\"Discover BP Clothing x Pepsi's limited edition capsule collection inspired by the new strawberry-vanilla Pepsi flavour! Unique streetwear pieces, iconic design.\",\"breadcrumb\":{\"@id\":\"https:\/\/bpshop.hu\/en\/termek\/bp-clothing-x-pepsi-sweet-drip-oversize-beige-tee-masolat-masolat-masolat-masolat-masolat-masolat-masolat-2\/#breadcrumb\"},\"inLanguage\":\"en-US\",\"potentialAction\":[{\"@type\":\"ReadAction\",\"target\":[\"https:\/\/bpshop.hu\/en\/termek\/bp-clothing-x-pepsi-sweet-drip-oversize-beige-tee-masolat-masolat-masolat-masolat-masolat-masolat-masolat-2\/\"]}]},{\"@type\":\"ImageObject\",\"inLanguage\":\"en-US\",\"@id\":\"https:\/\/bpshop.hu\/en\/termek\/bp-clothing-x-pepsi-sweet-drip-oversize-beige-tee-masolat-masolat-masolat-masolat-masolat-masolat-masolat-2\/#primaryimage\",\"url\":\"https:\/\/bpshop.hu\/wp-content\/uploads\/2025\/12\/woodcamp-back.png\",\"contentUrl\":\"https:\/\/bpshop.hu\/wp-content\/uploads\/2025\/12\/woodcamp-back.png\",\"width\":772,\"height\":772},{\"@type\":\"BreadcrumbList\",\"@id\":\"https:\/\/bpshop.hu\/en\/termek\/bp-clothing-x-pepsi-sweet-drip-oversize-beige-tee-masolat-masolat-masolat-masolat-masolat-masolat-masolat-2\/#breadcrumb\",\"itemListElement\":[{\"@type\":\"ListItem\",\"position\":1,\"name\":\"Kezd\u0151lap\",\"item\":\"https:\/\/bpshop.hu\/\"},{\"@type\":\"ListItem\",\"position\":2,\"name\":\"Shop\",\"item\":\"https:\/\/bpshop.hu\/uzlet\/\"},{\"@type\":\"ListItem\",\"position\":3,\"name\":\"BP Clothing x Pepsi Sweet Drip Oversize Beige Tee (m\u00e1solat) (m\u00e1solat) (m\u00e1solat) (m\u00e1solat) (m\u00e1solat) (m\u00e1solat) (m\u00e1solat)\"}]},{\"@type\":\"WebSite\",\"@id\":\"https:\/\/bpshop.hu\/#website\",\"url\":\"https:\/\/bpshop.hu\/\",\"name\":\"BP Shop\",\"description\":\"BP Clothing\",\"publisher\":{\"@id\":\"https:\/\/bpshop.hu\/#organization\"},\"potentialAction\":[{\"@type\":\"SearchAction\",\"target\":{\"@type\":\"EntryPoint\",\"urlTemplate\":\"https:\/\/bpshop.hu\/?s={search_term_string}\"},\"query-input\":{\"@type\":\"PropertyValueSpecification\",\"valueRequired\":true,\"valueName\":\"search_term_string\"}}],\"inLanguage\":\"en-US\"},{\"@type\":\"Organization\",\"@id\":\"https:\/\/bpshop.hu\/#organization\",\"name\":\"BP Shop\",\"url\":\"https:\/\/bpshop.hu\/\",\"logo\":{\"@type\":\"ImageObject\",\"inLanguage\":\"en-US\",\"@id\":\"https:\/\/bpshop.hu\/#\/schema\/logo\/image\/\",\"url\":\"https:\/\/bpshop.hu\/wp-content\/uploads\/2023\/09\/BP_logo_100x.png\",\"contentUrl\":\"https:\/\/bpshop.hu\/wp-content\/uploads\/2023\/09\/BP_logo_100x.png\",\"width\":100,\"height\":79,\"caption\":\"BP Shop\"},\"image\":{\"@id\":\"https:\/\/bpshop.hu\/#\/schema\/logo\/image\/\"},\"sameAs\":[\"https:\/\/www.facebook.com\/bpshophungary\",\"https:\/\/www.instagram.com\/bpshop1873\/\"]}]}<\/script>\n<!-- \/ Yoast SEO plugin. -->","yoast_head_json":{"title":"BP Clothing x Pepsi Sweet Drip Oversize Beige Tee (m\u00e1solat) (m\u00e1solat) (m\u00e1solat) (m\u00e1solat) (m\u00e1solat) (m\u00e1solat) (m\u00e1solat) - BP Shop","description":"Discover BP Clothing x Pepsi's limited edition capsule collection inspired by the new strawberry-vanilla Pepsi flavour! Unique streetwear pieces, iconic design.","robots":{"index":"index","follow":"follow","max-snippet":"max-snippet:-1","max-image-preview":"max-image-preview:large","max-video-preview":"max-video-preview:-1"},"canonical":"https:\/\/bpshop.hu\/en\/termek\/bp-clothing-x-pepsi-sweet-drip-oversize-beige-tee-masolat-masolat-masolat-masolat-masolat-masolat-masolat-2\/","og_locale":"en_US","og_type":"article","og_title":"BP Clothing x Pepsi Sweet Drip Oversize Beige Tee (m\u00e1solat) (m\u00e1solat) (m\u00e1solat) (m\u00e1solat) (m\u00e1solat) (m\u00e1solat) (m\u00e1solat) - BP Shop","og_description":"Discover BP Clothing x Pepsi's limited edition capsule collection inspired by the new strawberry-vanilla Pepsi flavour! Unique streetwear pieces, iconic design.","og_url":"https:\/\/bpshop.hu\/en\/termek\/bp-clothing-x-pepsi-sweet-drip-oversize-beige-tee-masolat-masolat-masolat-masolat-masolat-masolat-masolat-2\/","og_site_name":"BP Shop","article_publisher":"https:\/\/www.facebook.com\/bpshophungary","article_modified_time":"2025-12-01T13:22:25+00:00","og_image":[{"width":1000,"height":1000,"url":"https:\/\/bpshop.hu\/wp-content\/uploads\/2025\/12\/2.png","type":"image\/png"}],"twitter_card":"summary_large_image","twitter_misc":{"Est. reading time":"1 minute"},"schema":{"@context":"https:\/\/schema.org","@graph":[{"@type":"WebPage","@id":"https:\/\/bpshop.hu\/en\/termek\/bp-clothing-x-pepsi-sweet-drip-oversize-beige-tee-masolat-masolat-masolat-masolat-masolat-masolat-masolat-2\/","url":"https:\/\/bpshop.hu\/en\/termek\/bp-clothing-x-pepsi-sweet-drip-oversize-beige-tee-masolat-masolat-masolat-masolat-masolat-masolat-masolat-2\/","name":"BP Clothing x Pepsi Sweet Drip Oversize Beige Tee (m\u00e1solat) (m\u00e1solat) (m\u00e1solat) (m\u00e1solat) (m\u00e1solat) (m\u00e1solat) (m\u00e1solat) - BP Shop","isPartOf":{"@id":"https:\/\/bpshop.hu\/#website"},"primaryImageOfPage":{"@id":"https:\/\/bpshop.hu\/en\/termek\/bp-clothing-x-pepsi-sweet-drip-oversize-beige-tee-masolat-masolat-masolat-masolat-masolat-masolat-masolat-2\/#primaryimage"},"image":{"@id":"https:\/\/bpshop.hu\/en\/termek\/bp-clothing-x-pepsi-sweet-drip-oversize-beige-tee-masolat-masolat-masolat-masolat-masolat-masolat-masolat-2\/#primaryimage"},"thumbnailUrl":"https:\/\/bpshop.hu\/wp-content\/uploads\/2025\/12\/woodcamp-back.png","datePublished":"2025-12-01T13:12:06+00:00","dateModified":"2025-12-01T13:22:25+00:00","description":"Discover BP Clothing x Pepsi's limited edition capsule collection inspired by the new strawberry-vanilla Pepsi flavour! Unique streetwear pieces, iconic design.","breadcrumb":{"@id":"https:\/\/bpshop.hu\/en\/termek\/bp-clothing-x-pepsi-sweet-drip-oversize-beige-tee-masolat-masolat-masolat-masolat-masolat-masolat-masolat-2\/#breadcrumb"},"inLanguage":"en-US","potentialAction":[{"@type":"ReadAction","target":["https:\/\/bpshop.hu\/en\/termek\/bp-clothing-x-pepsi-sweet-drip-oversize-beige-tee-masolat-masolat-masolat-masolat-masolat-masolat-masolat-2\/"]}]},{"@type":"ImageObject","inLanguage":"en-US","@id":"https:\/\/bpshop.hu\/en\/termek\/bp-clothing-x-pepsi-sweet-drip-oversize-beige-tee-masolat-masolat-masolat-masolat-masolat-masolat-masolat-2\/#primaryimage","url":"https:\/\/bpshop.hu\/wp-content\/uploads\/2025\/12\/woodcamp-back.png","contentUrl":"https:\/\/bpshop.hu\/wp-content\/uploads\/2025\/12\/woodcamp-back.png","width":772,"height":772},{"@type":"BreadcrumbList","@id":"https:\/\/bpshop.hu\/en\/termek\/bp-clothing-x-pepsi-sweet-drip-oversize-beige-tee-masolat-masolat-masolat-masolat-masolat-masolat-masolat-2\/#breadcrumb","itemListElement":[{"@type":"ListItem","position":1,"name":"Kezd\u0151lap","item":"https:\/\/bpshop.hu\/"},{"@type":"ListItem","position":2,"name":"Shop","item":"https:\/\/bpshop.hu\/uzlet\/"},{"@type":"ListItem","position":3,"name":"BP Clothing x Pepsi Sweet Drip Oversize Beige Tee (m\u00e1solat) (m\u00e1solat) (m\u00e1solat) (m\u00e1solat) (m\u00e1solat) (m\u00e1solat) (m\u00e1solat)"}]},{"@type":"WebSite","@id":"https:\/\/bpshop.hu\/#website","url":"https:\/\/bpshop.hu\/","name":"BP Shop","description":"BP Clothing","publisher":{"@id":"https:\/\/bpshop.hu\/#organization"},"potentialAction":[{"@type":"SearchAction","target":{"@type":"EntryPoint","urlTemplate":"https:\/\/bpshop.hu\/?s={search_term_string}"},"query-input":{"@type":"PropertyValueSpecification","valueRequired":true,"valueName":"search_term_string"}}],"inLanguage":"en-US"},{"@type":"Organization","@id":"https:\/\/bpshop.hu\/#organization","name":"BP Shop","url":"https:\/\/bpshop.hu\/","logo":{"@type":"ImageObject","inLanguage":"en-US","@id":"https:\/\/bpshop.hu\/#\/schema\/logo\/image\/","url":"https:\/\/bpshop.hu\/wp-content\/uploads\/2023\/09\/BP_logo_100x.png","contentUrl":"https:\/\/bpshop.hu\/wp-content\/uploads\/2023\/09\/BP_logo_100x.png","width":100,"height":79,"caption":"BP Shop"},"image":{"@id":"https:\/\/bpshop.hu\/#\/schema\/logo\/image\/"},"sameAs":["https:\/\/www.facebook.com\/bpshophungary","https:\/\/www.instagram.com\/bpshop1873\/"]}]}},"_links":{"self":[{"href":"https:\/\/bpshop.hu\/en\/wp-json\/wp\/v2\/product\/49475","targetHints":{"allow":["GET"]}}],"collection":[{"href":"https:\/\/bpshop.hu\/en\/wp-json\/wp\/v2\/product"}],"about":[{"href":"https:\/\/bpshop.hu\/en\/wp-json\/wp\/v2\/types\/product"}],"wp:featuredmedia":[{"embeddable":true,"href":"https:\/\/bpshop.hu\/en\/wp-json\/wp\/v2\/media\/49600"}],"wp:attachment":[{"href":"https:\/\/bpshop.hu\/en\/wp-json\/wp\/v2\/media?parent=49475"}],"wp:term":[{"taxonomy":"product_brand","embeddable":true,"href":"https:\/\/bpshop.hu\/en\/wp-json\/wp\/v2\/product_brand?post=49475"},{"taxonomy":"product_cat","embeddable":true,"href":"https:\/\/bpshop.hu\/en\/wp-json\/wp\/v2\/product_cat?post=49475"},{"taxonomy":"product_tag","embeddable":true,"href":"https:\/\/bpshop.hu\/en\/wp-json\/wp\/v2\/product_tag?post=49475"}],"curies":[{"name":"wp","href":"https:\/\/api.w.org\/{rel}","templated":true}]}}