{"id":48355,"date":"2025-11-10T13:34:22","date_gmt":"2025-11-10T12:34:22","guid":{"rendered":"https:\/\/bpshop.hu\/?post_type=product&#038;p=48355"},"modified":"2025-11-10T13:56:41","modified_gmt":"2025-11-10T12:56:41","slug":"new-era-x-mlb-ny-yankees-mini-waist-bag-masolat-masolat-masolat-3","status":"publish","type":"product","link":"https:\/\/bpshop.hu\/en\/termek\/new-era-x-mlb-ny-yankees-mini-waist-bag-masolat-masolat-masolat-3\/","title":{"rendered":"New Era x MLB NY Yankees Mini Waist Bag (m\u00e1solat) (m\u00e1solat) (m\u00e1solat)"},"content":{"rendered":"<p>Wear the Yankees logo with pride when you go out with the official New Era New York Yankees MLB black mini waist bag. Featuring a black finish with white team, NE and MLB logos on the front, the design includes a zipped pocket and an adjustable strap with clip.<\/p>\n<ul>\n<li>Black front bag with New York Yankees white team logo<\/li>\n<li>Zip pocket<\/li>\n<li>Adjustable waist strap with buckle<\/li>\n<li>100% polyester<\/li>\n<\/ul>\n","protected":false},"excerpt":{"rendered":"<p>Wear the Yankees logo with pride when you go out with the official New Era New York Yankees MLB black mini waist bag. Featuring a black finish with white team, NE and MLB logos on the front, the design includes a zipped pocket and an adjustable strap with clip. Black front bag with New York [&hellip;]<\/p>\n","protected":false},"featured_media":48357,"template":"","meta":{"_acf_changed":false},"product_brand":[],"product_cat":[1277,1279,1278,1268],"product_tag":[1281,1282,1283,1285,1280,1336,1284],"class_list":{"0":"post-48355","1":"product","2":"type-product","3":"status-publish","4":"has-post-thumbnail","6":"product_cat-accessories","7":"product_cat-bags","8":"product_cat-new-era","9":"product_cat-sale","10":"product_tag-accesories","11":"product_tag-additional","12":"product_tag-bag","13":"product_tag-belt-pouch","14":"product_tag-black-2","15":"product_tag-new-2","16":"product_tag-new-era","18":"first","19":"instock","20":"taxable","21":"shipping-taxable","22":"purchasable","23":"product-type-simple"},"acf":[],"yoast_head":"<!-- This site is optimized with the Yoast SEO plugin v27.5 - https:\/\/yoast.com\/product\/yoast-seo-wordpress\/ -->\n<title>New Era x MLB NY Yankees Mini Waist Bag (m\u00e1solat) (m\u00e1solat) (m\u00e1solat) - BP Shop<\/title>\n<meta name=\"description\" content=\"Wear it with pride and stand out from the crowd with the New Era mini side bag, made even more unique with the New York Yankees baseball team logo! Don&#039;t miss this.\" \/>\n<meta name=\"robots\" content=\"index, follow, max-snippet:-1, max-image-preview:large, max-video-preview:-1\" \/>\n<link rel=\"canonical\" href=\"https:\/\/bpshop.hu\/en\/termek\/new-era-x-mlb-ny-yankees-mini-waist-bag-masolat-masolat-masolat-3\/\" \/>\n<meta property=\"og:locale\" content=\"en_US\" \/>\n<meta property=\"og:type\" content=\"article\" \/>\n<meta property=\"og:title\" content=\"New Era x MLB NY Yankees Mini Waist Bag (m\u00e1solat) (m\u00e1solat) (m\u00e1solat) - BP Shop\" \/>\n<meta property=\"og:description\" content=\"Wear it with pride and stand out from the crowd with the New Era mini side bag, made even more unique with the New York Yankees baseball team logo! Don&#039;t miss this.\" \/>\n<meta property=\"og:url\" content=\"https:\/\/bpshop.hu\/en\/termek\/new-era-x-mlb-ny-yankees-mini-waist-bag-masolat-masolat-masolat-3\/\" \/>\n<meta property=\"og:site_name\" content=\"BP Shop\" \/>\n<meta property=\"article:publisher\" content=\"https:\/\/www.facebook.com\/bpshophungary\" \/>\n<meta property=\"article:modified_time\" content=\"2025-11-10T12:56:41+00:00\" \/>\n<meta property=\"og:image\" content=\"https:\/\/bpshop.hu\/wp-content\/uploads\/2025\/11\/DSC_1042.jpg\" \/>\n\t<meta property=\"og:image:width\" content=\"1000\" \/>\n\t<meta property=\"og:image:height\" content=\"1000\" \/>\n\t<meta property=\"og:image:type\" content=\"image\/jpeg\" \/>\n<meta name=\"twitter:card\" content=\"summary_large_image\" \/>\n<script type=\"application\/ld+json\" class=\"yoast-schema-graph\">{\"@context\":\"https:\\\/\\\/schema.org\",\"@graph\":[{\"@type\":\"WebPage\",\"@id\":\"https:\\\/\\\/bpshop.hu\\\/en\\\/termek\\\/new-era-x-mlb-ny-yankees-mini-waist-bag-masolat-masolat-masolat-3\\\/\",\"url\":\"https:\\\/\\\/bpshop.hu\\\/en\\\/termek\\\/new-era-x-mlb-ny-yankees-mini-waist-bag-masolat-masolat-masolat-3\\\/\",\"name\":\"New Era x MLB NY Yankees Mini Waist Bag (m\u00e1solat) (m\u00e1solat) (m\u00e1solat) - BP Shop\",\"isPartOf\":{\"@id\":\"https:\\\/\\\/bpshop.hu\\\/#website\"},\"primaryImageOfPage\":{\"@id\":\"https:\\\/\\\/bpshop.hu\\\/en\\\/termek\\\/new-era-x-mlb-ny-yankees-mini-waist-bag-masolat-masolat-masolat-3\\\/#primaryimage\"},\"image\":{\"@id\":\"https:\\\/\\\/bpshop.hu\\\/en\\\/termek\\\/new-era-x-mlb-ny-yankees-mini-waist-bag-masolat-masolat-masolat-3\\\/#primaryimage\"},\"thumbnailUrl\":\"https:\\\/\\\/bpshop.hu\\\/wp-content\\\/uploads\\\/2025\\\/11\\\/DSC_1042.jpg\",\"datePublished\":\"2025-11-10T12:34:22+00:00\",\"dateModified\":\"2025-11-10T12:56:41+00:00\",\"description\":\"Wear it with pride and stand out from the crowd with the New Era mini side bag, made even more unique with the New York Yankees baseball team logo! Don't miss this.\",\"breadcrumb\":{\"@id\":\"https:\\\/\\\/bpshop.hu\\\/en\\\/termek\\\/new-era-x-mlb-ny-yankees-mini-waist-bag-masolat-masolat-masolat-3\\\/#breadcrumb\"},\"inLanguage\":\"en-US\",\"potentialAction\":[{\"@type\":\"ReadAction\",\"target\":[\"https:\\\/\\\/bpshop.hu\\\/en\\\/termek\\\/new-era-x-mlb-ny-yankees-mini-waist-bag-masolat-masolat-masolat-3\\\/\"]}]},{\"@type\":\"ImageObject\",\"inLanguage\":\"en-US\",\"@id\":\"https:\\\/\\\/bpshop.hu\\\/en\\\/termek\\\/new-era-x-mlb-ny-yankees-mini-waist-bag-masolat-masolat-masolat-3\\\/#primaryimage\",\"url\":\"https:\\\/\\\/bpshop.hu\\\/wp-content\\\/uploads\\\/2025\\\/11\\\/DSC_1042.jpg\",\"contentUrl\":\"https:\\\/\\\/bpshop.hu\\\/wp-content\\\/uploads\\\/2025\\\/11\\\/DSC_1042.jpg\",\"width\":1000,\"height\":1000},{\"@type\":\"BreadcrumbList\",\"@id\":\"https:\\\/\\\/bpshop.hu\\\/en\\\/termek\\\/new-era-x-mlb-ny-yankees-mini-waist-bag-masolat-masolat-masolat-3\\\/#breadcrumb\",\"itemListElement\":[{\"@type\":\"ListItem\",\"position\":1,\"name\":\"Kezd\u0151lap\",\"item\":\"https:\\\/\\\/bpshop.hu\\\/\"},{\"@type\":\"ListItem\",\"position\":2,\"name\":\"Shop\",\"item\":\"https:\\\/\\\/bpshop.hu\\\/uzlet\\\/\"},{\"@type\":\"ListItem\",\"position\":3,\"name\":\"New Era x MLB NY Yankees Mini Waist Bag (m\u00e1solat) (m\u00e1solat) (m\u00e1solat)\"}]},{\"@type\":\"WebSite\",\"@id\":\"https:\\\/\\\/bpshop.hu\\\/#website\",\"url\":\"https:\\\/\\\/bpshop.hu\\\/\",\"name\":\"BP Shop\",\"description\":\"BP Clothing\",\"publisher\":{\"@id\":\"https:\\\/\\\/bpshop.hu\\\/#organization\"},\"potentialAction\":[{\"@type\":\"SearchAction\",\"target\":{\"@type\":\"EntryPoint\",\"urlTemplate\":\"https:\\\/\\\/bpshop.hu\\\/?s={search_term_string}\"},\"query-input\":{\"@type\":\"PropertyValueSpecification\",\"valueRequired\":true,\"valueName\":\"search_term_string\"}}],\"inLanguage\":\"en-US\"},{\"@type\":\"Organization\",\"@id\":\"https:\\\/\\\/bpshop.hu\\\/#organization\",\"name\":\"BP Shop\",\"url\":\"https:\\\/\\\/bpshop.hu\\\/\",\"logo\":{\"@type\":\"ImageObject\",\"inLanguage\":\"en-US\",\"@id\":\"https:\\\/\\\/bpshop.hu\\\/#\\\/schema\\\/logo\\\/image\\\/\",\"url\":\"https:\\\/\\\/bpshop.hu\\\/wp-content\\\/uploads\\\/2023\\\/09\\\/BP_logo_100x.png\",\"contentUrl\":\"https:\\\/\\\/bpshop.hu\\\/wp-content\\\/uploads\\\/2023\\\/09\\\/BP_logo_100x.png\",\"width\":100,\"height\":79,\"caption\":\"BP Shop\"},\"image\":{\"@id\":\"https:\\\/\\\/bpshop.hu\\\/#\\\/schema\\\/logo\\\/image\\\/\"},\"sameAs\":[\"https:\\\/\\\/www.facebook.com\\\/bpshophungary\",\"https:\\\/\\\/www.instagram.com\\\/bpshop1873\\\/\"]}]}<\/script>\n<!-- \/ Yoast SEO plugin. -->","yoast_head_json":{"title":"New Era x MLB NY Yankees Mini Waist Bag (m\u00e1solat) (m\u00e1solat) (m\u00e1solat) - BP Shop","description":"Wear it with pride and stand out from the crowd with the New Era mini side bag, made even more unique with the New York Yankees baseball team logo! Don't miss this.","robots":{"index":"index","follow":"follow","max-snippet":"max-snippet:-1","max-image-preview":"max-image-preview:large","max-video-preview":"max-video-preview:-1"},"canonical":"https:\/\/bpshop.hu\/en\/termek\/new-era-x-mlb-ny-yankees-mini-waist-bag-masolat-masolat-masolat-3\/","og_locale":"en_US","og_type":"article","og_title":"New Era x MLB NY Yankees Mini Waist Bag (m\u00e1solat) (m\u00e1solat) (m\u00e1solat) - BP Shop","og_description":"Wear it with pride and stand out from the crowd with the New Era mini side bag, made even more unique with the New York Yankees baseball team logo! Don't miss this.","og_url":"https:\/\/bpshop.hu\/en\/termek\/new-era-x-mlb-ny-yankees-mini-waist-bag-masolat-masolat-masolat-3\/","og_site_name":"BP Shop","article_publisher":"https:\/\/www.facebook.com\/bpshophungary","article_modified_time":"2025-11-10T12:56:41+00:00","og_image":[{"width":1000,"height":1000,"url":"https:\/\/bpshop.hu\/wp-content\/uploads\/2025\/11\/DSC_1042.jpg","type":"image\/jpeg"}],"twitter_card":"summary_large_image","schema":{"@context":"https:\/\/schema.org","@graph":[{"@type":"WebPage","@id":"https:\/\/bpshop.hu\/en\/termek\/new-era-x-mlb-ny-yankees-mini-waist-bag-masolat-masolat-masolat-3\/","url":"https:\/\/bpshop.hu\/en\/termek\/new-era-x-mlb-ny-yankees-mini-waist-bag-masolat-masolat-masolat-3\/","name":"New Era x MLB NY Yankees Mini Waist Bag (m\u00e1solat) (m\u00e1solat) (m\u00e1solat) - BP Shop","isPartOf":{"@id":"https:\/\/bpshop.hu\/#website"},"primaryImageOfPage":{"@id":"https:\/\/bpshop.hu\/en\/termek\/new-era-x-mlb-ny-yankees-mini-waist-bag-masolat-masolat-masolat-3\/#primaryimage"},"image":{"@id":"https:\/\/bpshop.hu\/en\/termek\/new-era-x-mlb-ny-yankees-mini-waist-bag-masolat-masolat-masolat-3\/#primaryimage"},"thumbnailUrl":"https:\/\/bpshop.hu\/wp-content\/uploads\/2025\/11\/DSC_1042.jpg","datePublished":"2025-11-10T12:34:22+00:00","dateModified":"2025-11-10T12:56:41+00:00","description":"Wear it with pride and stand out from the crowd with the New Era mini side bag, made even more unique with the New York Yankees baseball team logo! Don't miss this.","breadcrumb":{"@id":"https:\/\/bpshop.hu\/en\/termek\/new-era-x-mlb-ny-yankees-mini-waist-bag-masolat-masolat-masolat-3\/#breadcrumb"},"inLanguage":"en-US","potentialAction":[{"@type":"ReadAction","target":["https:\/\/bpshop.hu\/en\/termek\/new-era-x-mlb-ny-yankees-mini-waist-bag-masolat-masolat-masolat-3\/"]}]},{"@type":"ImageObject","inLanguage":"en-US","@id":"https:\/\/bpshop.hu\/en\/termek\/new-era-x-mlb-ny-yankees-mini-waist-bag-masolat-masolat-masolat-3\/#primaryimage","url":"https:\/\/bpshop.hu\/wp-content\/uploads\/2025\/11\/DSC_1042.jpg","contentUrl":"https:\/\/bpshop.hu\/wp-content\/uploads\/2025\/11\/DSC_1042.jpg","width":1000,"height":1000},{"@type":"BreadcrumbList","@id":"https:\/\/bpshop.hu\/en\/termek\/new-era-x-mlb-ny-yankees-mini-waist-bag-masolat-masolat-masolat-3\/#breadcrumb","itemListElement":[{"@type":"ListItem","position":1,"name":"Kezd\u0151lap","item":"https:\/\/bpshop.hu\/"},{"@type":"ListItem","position":2,"name":"Shop","item":"https:\/\/bpshop.hu\/uzlet\/"},{"@type":"ListItem","position":3,"name":"New Era x MLB NY Yankees Mini Waist Bag (m\u00e1solat) (m\u00e1solat) (m\u00e1solat)"}]},{"@type":"WebSite","@id":"https:\/\/bpshop.hu\/#website","url":"https:\/\/bpshop.hu\/","name":"BP Shop","description":"BP Clothing","publisher":{"@id":"https:\/\/bpshop.hu\/#organization"},"potentialAction":[{"@type":"SearchAction","target":{"@type":"EntryPoint","urlTemplate":"https:\/\/bpshop.hu\/?s={search_term_string}"},"query-input":{"@type":"PropertyValueSpecification","valueRequired":true,"valueName":"search_term_string"}}],"inLanguage":"en-US"},{"@type":"Organization","@id":"https:\/\/bpshop.hu\/#organization","name":"BP Shop","url":"https:\/\/bpshop.hu\/","logo":{"@type":"ImageObject","inLanguage":"en-US","@id":"https:\/\/bpshop.hu\/#\/schema\/logo\/image\/","url":"https:\/\/bpshop.hu\/wp-content\/uploads\/2023\/09\/BP_logo_100x.png","contentUrl":"https:\/\/bpshop.hu\/wp-content\/uploads\/2023\/09\/BP_logo_100x.png","width":100,"height":79,"caption":"BP Shop"},"image":{"@id":"https:\/\/bpshop.hu\/#\/schema\/logo\/image\/"},"sameAs":["https:\/\/www.facebook.com\/bpshophungary","https:\/\/www.instagram.com\/bpshop1873\/"]}]}},"_links":{"self":[{"href":"https:\/\/bpshop.hu\/en\/wp-json\/wp\/v2\/product\/48355","targetHints":{"allow":["GET"]}}],"collection":[{"href":"https:\/\/bpshop.hu\/en\/wp-json\/wp\/v2\/product"}],"about":[{"href":"https:\/\/bpshop.hu\/en\/wp-json\/wp\/v2\/types\/product"}],"wp:featuredmedia":[{"embeddable":true,"href":"https:\/\/bpshop.hu\/en\/wp-json\/wp\/v2\/media\/48357"}],"wp:attachment":[{"href":"https:\/\/bpshop.hu\/en\/wp-json\/wp\/v2\/media?parent=48355"}],"wp:term":[{"taxonomy":"product_brand","embeddable":true,"href":"https:\/\/bpshop.hu\/en\/wp-json\/wp\/v2\/product_brand?post=48355"},{"taxonomy":"product_cat","embeddable":true,"href":"https:\/\/bpshop.hu\/en\/wp-json\/wp\/v2\/product_cat?post=48355"},{"taxonomy":"product_tag","embeddable":true,"href":"https:\/\/bpshop.hu\/en\/wp-json\/wp\/v2\/product_tag?post=48355"}],"curies":[{"name":"wp","href":"https:\/\/api.w.org\/{rel}","templated":true}]}}