{"id":46997,"date":"2024-05-03T20:53:29","date_gmt":"2024-05-03T18:53:29","guid":{"rendered":"https:\/\/bpshop.hu\/termek\/bp-clothing-x-honey-family-kriszta-white-tee\/"},"modified":"2026-01-15T13:46:00","modified_gmt":"2026-01-15T12:46:00","slug":"bp-clothing-x-honey-family-kriszta-white-tee","status":"publish","type":"product","link":"https:\/\/bpshop.hu\/en\/termek\/bp-clothing-x-honey-family-kriszta-white-tee\/","title":{"rendered":"BP Clothing x Honey Family Kriszta White Tee"},"content":{"rendered":"<p>Krisztina M\u00e9zga is the eldest child of the M\u00e9zga family. An annoying buckfis character. She keeps strumming her guitar (which Alad\u00e1r always breaks) and wrapping her hair with newspaper. He is friends with a mafia cat. In episode 12 of the first series, she is the lead singer of a beat band. She often giggles. She is repeatedly revealed to be quite silly. At school, she deliberately strives to fail, even spelling &#8220;stupid&#8221; with a &#8220;j&#8221;. In an episode of the second series, however, Aladar discovers that Kriszta speaks quite intelligently in her sleep. He often makes a cynical remark about a situation, which usually only he laughs at. His characteristic phrase: &#8220;Mum, tell him!&#8221; when something doesn&#8217;t happen the way he wants it to. Aladar calls him &#8220;wet-brained&#8221; or &#8220;hysterical Kristi.&#8221;<\/p>\n<p>Aladar, aged 12, is blessed with genius: he tinkers with devices that can take his pretzel on space journeys, and sometimes he contacts his 30th century descendant (his cub-grandson, MZ\/X, or &#8220;Buddy&#8221;) and asks him for various modern items. But only rarely do his family members get to grips with the new tools and opportunities, and then it&#8217;s his turn to pull them out of the trap.  <\/p>\n<p>Aladar&#8217;s only loyal ally is his dog Bl\u00f6ki, who sometimes helps him in his experiments. Other members of the family include his fearlessly strict and somewhat clumsy father (G\u00e9za M\u00e9zga), his kindly but not very strong-minded mother (G\u00e9z\u00e1n M\u00e9zga, n\u00e9e Paula Rezovits) and his slightly ditzy sister (Kriszta) and her cat (Maffia). Other important characters are the irritable neighbour (M\u00e1ris) and the only verbally mentioned Hufn\u00e1gel Pisti, Paula&#8217;s youthful suitor, whom she regrets not having married, as she says at the end of each episode.  <\/p>\n<p>MADE WITH LOVE<\/p>\n<ul>\n<li>100% cotton<\/li>\n<li>Soft feeling<\/li>\n<li>Limited edition<\/li>\n<li>Round neck 1&#215;1 cotton\/lycra with rib<\/li>\n<\/ul>\n","protected":false},"excerpt":{"rendered":"<p>Krisztina M\u00e9zga is the eldest child of the M\u00e9zga family. An annoying buckfis character. She keeps strumming her guitar (which Alad\u00e1r always breaks) and wrapping her hair with newspaper. He is friends with a mafia cat. In episode 12 of the first series, she is the lead singer of a beat band. She often giggles. [&hellip;]<\/p>\n","protected":false},"featured_media":26129,"template":"","meta":{"_acf_changed":false},"product_brand":[],"product_cat":[1251,1316,1268,1758,1270,1271],"product_tag":[1259,1317,1318,1274,1272],"class_list":{"0":"post-46997","1":"product","2":"type-product","3":"status-publish","4":"has-post-thumbnail","6":"product_cat-bp-clothing","7":"product_cat-bp-clothing-x-honey-family","8":"product_cat-sale","9":"product_cat-sale40","10":"product_cat-t-shirts","11":"product_cat-whats-new","12":"product_tag-bpclothing","13":"product_tag-honey","14":"product_tag-honey-geza","15":"product_tag-new","16":"product_tag-t-shirt","18":"first","19":"instock","20":"taxable","21":"shipping-taxable","22":"purchasable","23":"product-type-variable"},"acf":[],"yoast_head":"<!-- This site is optimized with the Yoast SEO plugin v27.5 - https:\/\/yoast.com\/product\/yoast-seo-wordpress\/ -->\n<title>BP Clothing x Honey Family Kriszta White Tee - BP Shop<\/title>\n<meta name=\"description\" content=\"Spice up your outfit with the M\u00e9zga family x BP, which combines the character of the cult cartoon with streetwear style.\" \/>\n<meta name=\"robots\" content=\"index, follow, max-snippet:-1, max-image-preview:large, max-video-preview:-1\" \/>\n<link rel=\"canonical\" href=\"https:\/\/bpshop.hu\/en\/termek\/bp-clothing-x-honey-family-kriszta-white-tee\/\" \/>\n<meta property=\"og:locale\" content=\"en_US\" \/>\n<meta property=\"og:type\" content=\"article\" \/>\n<meta property=\"og:title\" content=\"BP Clothing x Honey Family Kriszta White Tee - BP Shop\" \/>\n<meta property=\"og:description\" content=\"Spice up your outfit with the M\u00e9zga family x BP, which combines the character of the cult cartoon with streetwear style.\" \/>\n<meta property=\"og:url\" content=\"https:\/\/bpshop.hu\/en\/termek\/bp-clothing-x-honey-family-kriszta-white-tee\/\" \/>\n<meta property=\"og:site_name\" content=\"BP Shop\" \/>\n<meta property=\"article:publisher\" content=\"https:\/\/www.facebook.com\/bpshophungary\" \/>\n<meta property=\"article:modified_time\" content=\"2026-01-15T12:46:00+00:00\" \/>\n<meta property=\"og:image\" content=\"https:\/\/bpshop.hu\/wp-content\/uploads\/2024\/05\/kriszta-TSHIRT-FEHER-F-1.jpg\" \/>\n\t<meta property=\"og:image:width\" content=\"1890\" \/>\n\t<meta property=\"og:image:height\" content=\"1890\" \/>\n\t<meta property=\"og:image:type\" content=\"image\/jpeg\" \/>\n<meta name=\"twitter:card\" content=\"summary_large_image\" \/>\n<meta name=\"twitter:label1\" content=\"Est. reading time\" \/>\n\t<meta name=\"twitter:data1\" content=\"2 minutes\" \/>\n<script type=\"application\/ld+json\" class=\"yoast-schema-graph\">{\"@context\":\"https:\\\/\\\/schema.org\",\"@graph\":[{\"@type\":\"WebPage\",\"@id\":\"https:\\\/\\\/bpshop.hu\\\/en\\\/termek\\\/bp-clothing-x-honey-family-kriszta-white-tee\\\/\",\"url\":\"https:\\\/\\\/bpshop.hu\\\/en\\\/termek\\\/bp-clothing-x-honey-family-kriszta-white-tee\\\/\",\"name\":\"BP Clothing x Honey Family Kriszta White Tee - BP Shop\",\"isPartOf\":{\"@id\":\"https:\\\/\\\/bpshop.hu\\\/#website\"},\"primaryImageOfPage\":{\"@id\":\"https:\\\/\\\/bpshop.hu\\\/en\\\/termek\\\/bp-clothing-x-honey-family-kriszta-white-tee\\\/#primaryimage\"},\"image\":{\"@id\":\"https:\\\/\\\/bpshop.hu\\\/en\\\/termek\\\/bp-clothing-x-honey-family-kriszta-white-tee\\\/#primaryimage\"},\"thumbnailUrl\":\"https:\\\/\\\/bpshop.hu\\\/wp-content\\\/uploads\\\/2024\\\/05\\\/kriszta-TSHIRT-FEHER-F-1.jpg\",\"datePublished\":\"2024-05-03T18:53:29+00:00\",\"dateModified\":\"2026-01-15T12:46:00+00:00\",\"description\":\"Spice up your outfit with the M\u00e9zga family x BP, which combines the character of the cult cartoon with streetwear style.\",\"breadcrumb\":{\"@id\":\"https:\\\/\\\/bpshop.hu\\\/en\\\/termek\\\/bp-clothing-x-honey-family-kriszta-white-tee\\\/#breadcrumb\"},\"inLanguage\":\"en-US\",\"potentialAction\":[{\"@type\":\"ReadAction\",\"target\":[\"https:\\\/\\\/bpshop.hu\\\/en\\\/termek\\\/bp-clothing-x-honey-family-kriszta-white-tee\\\/\"]}]},{\"@type\":\"ImageObject\",\"inLanguage\":\"en-US\",\"@id\":\"https:\\\/\\\/bpshop.hu\\\/en\\\/termek\\\/bp-clothing-x-honey-family-kriszta-white-tee\\\/#primaryimage\",\"url\":\"https:\\\/\\\/bpshop.hu\\\/wp-content\\\/uploads\\\/2024\\\/05\\\/kriszta-TSHIRT-FEHER-F-1.jpg\",\"contentUrl\":\"https:\\\/\\\/bpshop.hu\\\/wp-content\\\/uploads\\\/2024\\\/05\\\/kriszta-TSHIRT-FEHER-F-1.jpg\",\"width\":1890,\"height\":1890},{\"@type\":\"BreadcrumbList\",\"@id\":\"https:\\\/\\\/bpshop.hu\\\/en\\\/termek\\\/bp-clothing-x-honey-family-kriszta-white-tee\\\/#breadcrumb\",\"itemListElement\":[{\"@type\":\"ListItem\",\"position\":1,\"name\":\"Kezd\u0151lap\",\"item\":\"https:\\\/\\\/bpshop.hu\\\/\"},{\"@type\":\"ListItem\",\"position\":2,\"name\":\"Shop\",\"item\":\"https:\\\/\\\/bpshop.hu\\\/uzlet\\\/\"},{\"@type\":\"ListItem\",\"position\":3,\"name\":\"BP Clothing x Honey Family Kriszta White Tee\"}]},{\"@type\":\"WebSite\",\"@id\":\"https:\\\/\\\/bpshop.hu\\\/#website\",\"url\":\"https:\\\/\\\/bpshop.hu\\\/\",\"name\":\"BP Shop\",\"description\":\"BP Clothing\",\"publisher\":{\"@id\":\"https:\\\/\\\/bpshop.hu\\\/#organization\"},\"potentialAction\":[{\"@type\":\"SearchAction\",\"target\":{\"@type\":\"EntryPoint\",\"urlTemplate\":\"https:\\\/\\\/bpshop.hu\\\/?s={search_term_string}\"},\"query-input\":{\"@type\":\"PropertyValueSpecification\",\"valueRequired\":true,\"valueName\":\"search_term_string\"}}],\"inLanguage\":\"en-US\"},{\"@type\":\"Organization\",\"@id\":\"https:\\\/\\\/bpshop.hu\\\/#organization\",\"name\":\"BP Shop\",\"url\":\"https:\\\/\\\/bpshop.hu\\\/\",\"logo\":{\"@type\":\"ImageObject\",\"inLanguage\":\"en-US\",\"@id\":\"https:\\\/\\\/bpshop.hu\\\/#\\\/schema\\\/logo\\\/image\\\/\",\"url\":\"https:\\\/\\\/bpshop.hu\\\/wp-content\\\/uploads\\\/2023\\\/09\\\/BP_logo_100x.png\",\"contentUrl\":\"https:\\\/\\\/bpshop.hu\\\/wp-content\\\/uploads\\\/2023\\\/09\\\/BP_logo_100x.png\",\"width\":100,\"height\":79,\"caption\":\"BP Shop\"},\"image\":{\"@id\":\"https:\\\/\\\/bpshop.hu\\\/#\\\/schema\\\/logo\\\/image\\\/\"},\"sameAs\":[\"https:\\\/\\\/www.facebook.com\\\/bpshophungary\",\"https:\\\/\\\/www.instagram.com\\\/bpshop1873\\\/\"]}]}<\/script>\n<!-- \/ Yoast SEO plugin. -->","yoast_head_json":{"title":"BP Clothing x Honey Family Kriszta White Tee - BP Shop","description":"Spice up your outfit with the M\u00e9zga family x BP, which combines the character of the cult cartoon with streetwear style.","robots":{"index":"index","follow":"follow","max-snippet":"max-snippet:-1","max-image-preview":"max-image-preview:large","max-video-preview":"max-video-preview:-1"},"canonical":"https:\/\/bpshop.hu\/en\/termek\/bp-clothing-x-honey-family-kriszta-white-tee\/","og_locale":"en_US","og_type":"article","og_title":"BP Clothing x Honey Family Kriszta White Tee - BP Shop","og_description":"Spice up your outfit with the M\u00e9zga family x BP, which combines the character of the cult cartoon with streetwear style.","og_url":"https:\/\/bpshop.hu\/en\/termek\/bp-clothing-x-honey-family-kriszta-white-tee\/","og_site_name":"BP Shop","article_publisher":"https:\/\/www.facebook.com\/bpshophungary","article_modified_time":"2026-01-15T12:46:00+00:00","og_image":[{"width":1890,"height":1890,"url":"https:\/\/bpshop.hu\/wp-content\/uploads\/2024\/05\/kriszta-TSHIRT-FEHER-F-1.jpg","type":"image\/jpeg"}],"twitter_card":"summary_large_image","twitter_misc":{"Est. reading time":"2 minutes"},"schema":{"@context":"https:\/\/schema.org","@graph":[{"@type":"WebPage","@id":"https:\/\/bpshop.hu\/en\/termek\/bp-clothing-x-honey-family-kriszta-white-tee\/","url":"https:\/\/bpshop.hu\/en\/termek\/bp-clothing-x-honey-family-kriszta-white-tee\/","name":"BP Clothing x Honey Family Kriszta White Tee - BP Shop","isPartOf":{"@id":"https:\/\/bpshop.hu\/#website"},"primaryImageOfPage":{"@id":"https:\/\/bpshop.hu\/en\/termek\/bp-clothing-x-honey-family-kriszta-white-tee\/#primaryimage"},"image":{"@id":"https:\/\/bpshop.hu\/en\/termek\/bp-clothing-x-honey-family-kriszta-white-tee\/#primaryimage"},"thumbnailUrl":"https:\/\/bpshop.hu\/wp-content\/uploads\/2024\/05\/kriszta-TSHIRT-FEHER-F-1.jpg","datePublished":"2024-05-03T18:53:29+00:00","dateModified":"2026-01-15T12:46:00+00:00","description":"Spice up your outfit with the M\u00e9zga family x BP, which combines the character of the cult cartoon with streetwear style.","breadcrumb":{"@id":"https:\/\/bpshop.hu\/en\/termek\/bp-clothing-x-honey-family-kriszta-white-tee\/#breadcrumb"},"inLanguage":"en-US","potentialAction":[{"@type":"ReadAction","target":["https:\/\/bpshop.hu\/en\/termek\/bp-clothing-x-honey-family-kriszta-white-tee\/"]}]},{"@type":"ImageObject","inLanguage":"en-US","@id":"https:\/\/bpshop.hu\/en\/termek\/bp-clothing-x-honey-family-kriszta-white-tee\/#primaryimage","url":"https:\/\/bpshop.hu\/wp-content\/uploads\/2024\/05\/kriszta-TSHIRT-FEHER-F-1.jpg","contentUrl":"https:\/\/bpshop.hu\/wp-content\/uploads\/2024\/05\/kriszta-TSHIRT-FEHER-F-1.jpg","width":1890,"height":1890},{"@type":"BreadcrumbList","@id":"https:\/\/bpshop.hu\/en\/termek\/bp-clothing-x-honey-family-kriszta-white-tee\/#breadcrumb","itemListElement":[{"@type":"ListItem","position":1,"name":"Kezd\u0151lap","item":"https:\/\/bpshop.hu\/"},{"@type":"ListItem","position":2,"name":"Shop","item":"https:\/\/bpshop.hu\/uzlet\/"},{"@type":"ListItem","position":3,"name":"BP Clothing x Honey Family Kriszta White Tee"}]},{"@type":"WebSite","@id":"https:\/\/bpshop.hu\/#website","url":"https:\/\/bpshop.hu\/","name":"BP Shop","description":"BP Clothing","publisher":{"@id":"https:\/\/bpshop.hu\/#organization"},"potentialAction":[{"@type":"SearchAction","target":{"@type":"EntryPoint","urlTemplate":"https:\/\/bpshop.hu\/?s={search_term_string}"},"query-input":{"@type":"PropertyValueSpecification","valueRequired":true,"valueName":"search_term_string"}}],"inLanguage":"en-US"},{"@type":"Organization","@id":"https:\/\/bpshop.hu\/#organization","name":"BP Shop","url":"https:\/\/bpshop.hu\/","logo":{"@type":"ImageObject","inLanguage":"en-US","@id":"https:\/\/bpshop.hu\/#\/schema\/logo\/image\/","url":"https:\/\/bpshop.hu\/wp-content\/uploads\/2023\/09\/BP_logo_100x.png","contentUrl":"https:\/\/bpshop.hu\/wp-content\/uploads\/2023\/09\/BP_logo_100x.png","width":100,"height":79,"caption":"BP Shop"},"image":{"@id":"https:\/\/bpshop.hu\/#\/schema\/logo\/image\/"},"sameAs":["https:\/\/www.facebook.com\/bpshophungary","https:\/\/www.instagram.com\/bpshop1873\/"]}]}},"_links":{"self":[{"href":"https:\/\/bpshop.hu\/en\/wp-json\/wp\/v2\/product\/46997","targetHints":{"allow":["GET"]}}],"collection":[{"href":"https:\/\/bpshop.hu\/en\/wp-json\/wp\/v2\/product"}],"about":[{"href":"https:\/\/bpshop.hu\/en\/wp-json\/wp\/v2\/types\/product"}],"wp:featuredmedia":[{"embeddable":true,"href":"https:\/\/bpshop.hu\/en\/wp-json\/wp\/v2\/media\/26129"}],"wp:attachment":[{"href":"https:\/\/bpshop.hu\/en\/wp-json\/wp\/v2\/media?parent=46997"}],"wp:term":[{"taxonomy":"product_brand","embeddable":true,"href":"https:\/\/bpshop.hu\/en\/wp-json\/wp\/v2\/product_brand?post=46997"},{"taxonomy":"product_cat","embeddable":true,"href":"https:\/\/bpshop.hu\/en\/wp-json\/wp\/v2\/product_cat?post=46997"},{"taxonomy":"product_tag","embeddable":true,"href":"https:\/\/bpshop.hu\/en\/wp-json\/wp\/v2\/product_tag?post=46997"}],"curies":[{"name":"wp","href":"https:\/\/api.w.org\/{rel}","templated":true}]}}