{"id":46991,"date":"2024-05-03T20:53:03","date_gmt":"2024-05-03T18:53:03","guid":{"rendered":"https:\/\/bpshop.hu\/termek\/bp-clothing-x-honey-family-aladar-white-hoodie\/"},"modified":"2026-01-15T13:45:54","modified_gmt":"2026-01-15T12:45:54","slug":"bp-clothing-x-honey-family-aladar-white-hoodie","status":"publish","type":"product","link":"https:\/\/bpshop.hu\/en\/termek\/bp-clothing-x-honey-family-aladar-white-hoodie\/","title":{"rendered":"BP Clothing x Honey Family Aladar White Hoodie"},"content":{"rendered":"<p><i>M\u00e9zga Alad\u00e1r<\/i> is the son of G\u00e9za M\u00e9zga and Paula. He converted an old radio into a transmitter in his separate room. They use it to keep in touch with MZ\/X. Thanks to his creativity and technical skills, he makes new inventions from household objects. Among other things, this is how he created the ultra-modern radio. Most of the time, he uses his father&#8217;s things, who is regularly distracted by them. Kriszta calls him &#8220;Aladdin the Idiot&#8221;, despite the fact that he always turns to him for help with his homework. Their banter is one of the main sources of humour in the series. Alad\u00e1r becomes the protagonist of the second series, in which he travels around the world in his inflatable rubber spaceship &#8220;Gulliver&#8221;, accompanied by his faithful companion, Bl\u00f6ki the dog. He stores the unused spaceship in violin cases and fills it with soda siphon.         <\/p>\n<ul>\n<li>80% organic cotton, 20% recycled polyester<\/li>\n<li>Durable fabric and ultra-soft feel<\/li>\n<li>The inner fabric provides perfect warmth and comfort<\/li>\n<li>Strong fit with great fit, perfect length<\/li>\n<li>Side pockets so you can stow anything<\/li>\n<li>And side seams ensure the best fit<\/li>\n<\/ul>\n","protected":false},"excerpt":{"rendered":"<p>M\u00e9zga Alad\u00e1r is the son of G\u00e9za M\u00e9zga and Paula. He converted an old radio into a transmitter in his separate room. They use it to keep in touch with MZ\/X. Thanks to his creativity and technical skills, he makes new inventions from household objects. Among other things, this is how he created the ultra-modern [&hellip;]<\/p>\n","protected":false},"featured_media":26083,"template":"","meta":{"_acf_changed":false},"product_brand":[],"product_cat":[1251,1316,1475,1268,1758,1252,1271],"product_tag":[1266,1259,1263,1317,1318,1254,1524],"class_list":{"0":"post-46991","1":"product","2":"type-product","3":"status-publish","4":"has-post-thumbnail","6":"product_cat-bp-clothing","7":"product_cat-bp-clothing-x-honey-family","8":"product_cat-cat-catcher","9":"product_cat-sale","10":"product_cat-sale40","11":"product_cat-sweaters","12":"product_cat-whats-new","13":"product_tag-bpclassic","14":"product_tag-bpclothing","15":"product_tag-clothing","16":"product_tag-honey","17":"product_tag-honey-geza","18":"product_tag-hoodie","19":"product_tag-hoodie-2","21":"first","22":"instock","23":"taxable","24":"shipping-taxable","25":"purchasable","26":"product-type-variable"},"acf":[],"yoast_head":"<!-- This site is optimized with the Yoast SEO plugin v27.2 - https:\/\/yoast.com\/product\/yoast-seo-wordpress\/ -->\n<title>BP Clothing x Honey Family Aladar White Hoodie - BP Shop<\/title>\n<meta name=\"description\" content=\"The Honey familyTurn up your set with the Honey family x BP, combining the character of the cult cartoon with streetwear style.\" \/>\n<meta name=\"robots\" content=\"index, follow, max-snippet:-1, max-image-preview:large, max-video-preview:-1\" \/>\n<link rel=\"canonical\" href=\"https:\/\/bpshop.hu\/en\/termek\/bp-clothing-x-honey-family-aladar-white-hoodie\/\" \/>\n<meta property=\"og:locale\" content=\"en_US\" \/>\n<meta property=\"og:type\" content=\"article\" \/>\n<meta property=\"og:title\" content=\"BP Clothing x Honey Family Aladar White Hoodie - BP Shop\" \/>\n<meta property=\"og:description\" content=\"The Honey familyTurn up your set with the Honey family x BP, combining the character of the cult cartoon with streetwear style.\" \/>\n<meta property=\"og:url\" content=\"https:\/\/bpshop.hu\/en\/termek\/bp-clothing-x-honey-family-aladar-white-hoodie\/\" \/>\n<meta property=\"og:site_name\" content=\"BP Shop\" \/>\n<meta property=\"article:publisher\" content=\"https:\/\/www.facebook.com\/bpshophungary\" \/>\n<meta property=\"article:modified_time\" content=\"2026-01-15T12:45:54+00:00\" \/>\n<meta property=\"og:image\" content=\"https:\/\/bpshop.hu\/wp-content\/uploads\/2024\/05\/ALADAR-HOODIE-FEHER-F.jpg\" \/>\n\t<meta property=\"og:image:width\" content=\"1600\" \/>\n\t<meta property=\"og:image:height\" content=\"1600\" \/>\n\t<meta property=\"og:image:type\" content=\"image\/jpeg\" \/>\n<meta name=\"twitter:card\" content=\"summary_large_image\" \/>\n<meta name=\"twitter:label1\" content=\"Est. reading time\" \/>\n\t<meta name=\"twitter:data1\" content=\"1 minute\" \/>\n<script type=\"application\/ld+json\" class=\"yoast-schema-graph\">{\"@context\":\"https:\/\/schema.org\",\"@graph\":[{\"@type\":\"WebPage\",\"@id\":\"https:\/\/bpshop.hu\/en\/termek\/bp-clothing-x-honey-family-aladar-white-hoodie\/\",\"url\":\"https:\/\/bpshop.hu\/en\/termek\/bp-clothing-x-honey-family-aladar-white-hoodie\/\",\"name\":\"BP Clothing x Honey Family Aladar White Hoodie - BP Shop\",\"isPartOf\":{\"@id\":\"https:\/\/bpshop.hu\/#website\"},\"primaryImageOfPage\":{\"@id\":\"https:\/\/bpshop.hu\/en\/termek\/bp-clothing-x-honey-family-aladar-white-hoodie\/#primaryimage\"},\"image\":{\"@id\":\"https:\/\/bpshop.hu\/en\/termek\/bp-clothing-x-honey-family-aladar-white-hoodie\/#primaryimage\"},\"thumbnailUrl\":\"https:\/\/bpshop.hu\/wp-content\/uploads\/2024\/05\/ALADAR-HOODIE-FEHER-F.jpg\",\"datePublished\":\"2024-05-03T18:53:03+00:00\",\"dateModified\":\"2026-01-15T12:45:54+00:00\",\"description\":\"The Honey familyTurn up your set with the Honey family x BP, combining the character of the cult cartoon with streetwear style.\",\"breadcrumb\":{\"@id\":\"https:\/\/bpshop.hu\/en\/termek\/bp-clothing-x-honey-family-aladar-white-hoodie\/#breadcrumb\"},\"inLanguage\":\"en-US\",\"potentialAction\":[{\"@type\":\"ReadAction\",\"target\":[\"https:\/\/bpshop.hu\/en\/termek\/bp-clothing-x-honey-family-aladar-white-hoodie\/\"]}]},{\"@type\":\"ImageObject\",\"inLanguage\":\"en-US\",\"@id\":\"https:\/\/bpshop.hu\/en\/termek\/bp-clothing-x-honey-family-aladar-white-hoodie\/#primaryimage\",\"url\":\"https:\/\/bpshop.hu\/wp-content\/uploads\/2024\/05\/ALADAR-HOODIE-FEHER-F.jpg\",\"contentUrl\":\"https:\/\/bpshop.hu\/wp-content\/uploads\/2024\/05\/ALADAR-HOODIE-FEHER-F.jpg\",\"width\":1600,\"height\":1600},{\"@type\":\"BreadcrumbList\",\"@id\":\"https:\/\/bpshop.hu\/en\/termek\/bp-clothing-x-honey-family-aladar-white-hoodie\/#breadcrumb\",\"itemListElement\":[{\"@type\":\"ListItem\",\"position\":1,\"name\":\"Kezd\u0151lap\",\"item\":\"https:\/\/bpshop.hu\/\"},{\"@type\":\"ListItem\",\"position\":2,\"name\":\"Shop\",\"item\":\"https:\/\/bpshop.hu\/uzlet\/\"},{\"@type\":\"ListItem\",\"position\":3,\"name\":\"BP Clothing x Honey Family Aladar White Hoodie\"}]},{\"@type\":\"WebSite\",\"@id\":\"https:\/\/bpshop.hu\/#website\",\"url\":\"https:\/\/bpshop.hu\/\",\"name\":\"BP Shop\",\"description\":\"BP Clothing\",\"publisher\":{\"@id\":\"https:\/\/bpshop.hu\/#organization\"},\"potentialAction\":[{\"@type\":\"SearchAction\",\"target\":{\"@type\":\"EntryPoint\",\"urlTemplate\":\"https:\/\/bpshop.hu\/?s={search_term_string}\"},\"query-input\":{\"@type\":\"PropertyValueSpecification\",\"valueRequired\":true,\"valueName\":\"search_term_string\"}}],\"inLanguage\":\"en-US\"},{\"@type\":\"Organization\",\"@id\":\"https:\/\/bpshop.hu\/#organization\",\"name\":\"BP Shop\",\"url\":\"https:\/\/bpshop.hu\/\",\"logo\":{\"@type\":\"ImageObject\",\"inLanguage\":\"en-US\",\"@id\":\"https:\/\/bpshop.hu\/#\/schema\/logo\/image\/\",\"url\":\"https:\/\/bpshop.hu\/wp-content\/uploads\/2023\/09\/BP_logo_100x.png\",\"contentUrl\":\"https:\/\/bpshop.hu\/wp-content\/uploads\/2023\/09\/BP_logo_100x.png\",\"width\":100,\"height\":79,\"caption\":\"BP Shop\"},\"image\":{\"@id\":\"https:\/\/bpshop.hu\/#\/schema\/logo\/image\/\"},\"sameAs\":[\"https:\/\/www.facebook.com\/bpshophungary\",\"https:\/\/www.instagram.com\/bpshop1873\/\"]}]}<\/script>\n<!-- \/ Yoast SEO plugin. -->","yoast_head_json":{"title":"BP Clothing x Honey Family Aladar White Hoodie - BP Shop","description":"The Honey familyTurn up your set with the Honey family x BP, combining the character of the cult cartoon with streetwear style.","robots":{"index":"index","follow":"follow","max-snippet":"max-snippet:-1","max-image-preview":"max-image-preview:large","max-video-preview":"max-video-preview:-1"},"canonical":"https:\/\/bpshop.hu\/en\/termek\/bp-clothing-x-honey-family-aladar-white-hoodie\/","og_locale":"en_US","og_type":"article","og_title":"BP Clothing x Honey Family Aladar White Hoodie - BP Shop","og_description":"The Honey familyTurn up your set with the Honey family x BP, combining the character of the cult cartoon with streetwear style.","og_url":"https:\/\/bpshop.hu\/en\/termek\/bp-clothing-x-honey-family-aladar-white-hoodie\/","og_site_name":"BP Shop","article_publisher":"https:\/\/www.facebook.com\/bpshophungary","article_modified_time":"2026-01-15T12:45:54+00:00","og_image":[{"width":1600,"height":1600,"url":"https:\/\/bpshop.hu\/wp-content\/uploads\/2024\/05\/ALADAR-HOODIE-FEHER-F.jpg","type":"image\/jpeg"}],"twitter_card":"summary_large_image","twitter_misc":{"Est. reading time":"1 minute"},"schema":{"@context":"https:\/\/schema.org","@graph":[{"@type":"WebPage","@id":"https:\/\/bpshop.hu\/en\/termek\/bp-clothing-x-honey-family-aladar-white-hoodie\/","url":"https:\/\/bpshop.hu\/en\/termek\/bp-clothing-x-honey-family-aladar-white-hoodie\/","name":"BP Clothing x Honey Family Aladar White Hoodie - BP Shop","isPartOf":{"@id":"https:\/\/bpshop.hu\/#website"},"primaryImageOfPage":{"@id":"https:\/\/bpshop.hu\/en\/termek\/bp-clothing-x-honey-family-aladar-white-hoodie\/#primaryimage"},"image":{"@id":"https:\/\/bpshop.hu\/en\/termek\/bp-clothing-x-honey-family-aladar-white-hoodie\/#primaryimage"},"thumbnailUrl":"https:\/\/bpshop.hu\/wp-content\/uploads\/2024\/05\/ALADAR-HOODIE-FEHER-F.jpg","datePublished":"2024-05-03T18:53:03+00:00","dateModified":"2026-01-15T12:45:54+00:00","description":"The Honey familyTurn up your set with the Honey family x BP, combining the character of the cult cartoon with streetwear style.","breadcrumb":{"@id":"https:\/\/bpshop.hu\/en\/termek\/bp-clothing-x-honey-family-aladar-white-hoodie\/#breadcrumb"},"inLanguage":"en-US","potentialAction":[{"@type":"ReadAction","target":["https:\/\/bpshop.hu\/en\/termek\/bp-clothing-x-honey-family-aladar-white-hoodie\/"]}]},{"@type":"ImageObject","inLanguage":"en-US","@id":"https:\/\/bpshop.hu\/en\/termek\/bp-clothing-x-honey-family-aladar-white-hoodie\/#primaryimage","url":"https:\/\/bpshop.hu\/wp-content\/uploads\/2024\/05\/ALADAR-HOODIE-FEHER-F.jpg","contentUrl":"https:\/\/bpshop.hu\/wp-content\/uploads\/2024\/05\/ALADAR-HOODIE-FEHER-F.jpg","width":1600,"height":1600},{"@type":"BreadcrumbList","@id":"https:\/\/bpshop.hu\/en\/termek\/bp-clothing-x-honey-family-aladar-white-hoodie\/#breadcrumb","itemListElement":[{"@type":"ListItem","position":1,"name":"Kezd\u0151lap","item":"https:\/\/bpshop.hu\/"},{"@type":"ListItem","position":2,"name":"Shop","item":"https:\/\/bpshop.hu\/uzlet\/"},{"@type":"ListItem","position":3,"name":"BP Clothing x Honey Family Aladar White Hoodie"}]},{"@type":"WebSite","@id":"https:\/\/bpshop.hu\/#website","url":"https:\/\/bpshop.hu\/","name":"BP Shop","description":"BP Clothing","publisher":{"@id":"https:\/\/bpshop.hu\/#organization"},"potentialAction":[{"@type":"SearchAction","target":{"@type":"EntryPoint","urlTemplate":"https:\/\/bpshop.hu\/?s={search_term_string}"},"query-input":{"@type":"PropertyValueSpecification","valueRequired":true,"valueName":"search_term_string"}}],"inLanguage":"en-US"},{"@type":"Organization","@id":"https:\/\/bpshop.hu\/#organization","name":"BP Shop","url":"https:\/\/bpshop.hu\/","logo":{"@type":"ImageObject","inLanguage":"en-US","@id":"https:\/\/bpshop.hu\/#\/schema\/logo\/image\/","url":"https:\/\/bpshop.hu\/wp-content\/uploads\/2023\/09\/BP_logo_100x.png","contentUrl":"https:\/\/bpshop.hu\/wp-content\/uploads\/2023\/09\/BP_logo_100x.png","width":100,"height":79,"caption":"BP Shop"},"image":{"@id":"https:\/\/bpshop.hu\/#\/schema\/logo\/image\/"},"sameAs":["https:\/\/www.facebook.com\/bpshophungary","https:\/\/www.instagram.com\/bpshop1873\/"]}]}},"_links":{"self":[{"href":"https:\/\/bpshop.hu\/en\/wp-json\/wp\/v2\/product\/46991","targetHints":{"allow":["GET"]}}],"collection":[{"href":"https:\/\/bpshop.hu\/en\/wp-json\/wp\/v2\/product"}],"about":[{"href":"https:\/\/bpshop.hu\/en\/wp-json\/wp\/v2\/types\/product"}],"wp:featuredmedia":[{"embeddable":true,"href":"https:\/\/bpshop.hu\/en\/wp-json\/wp\/v2\/media\/26083"}],"wp:attachment":[{"href":"https:\/\/bpshop.hu\/en\/wp-json\/wp\/v2\/media?parent=46991"}],"wp:term":[{"taxonomy":"product_brand","embeddable":true,"href":"https:\/\/bpshop.hu\/en\/wp-json\/wp\/v2\/product_brand?post=46991"},{"taxonomy":"product_cat","embeddable":true,"href":"https:\/\/bpshop.hu\/en\/wp-json\/wp\/v2\/product_cat?post=46991"},{"taxonomy":"product_tag","embeddable":true,"href":"https:\/\/bpshop.hu\/en\/wp-json\/wp\/v2\/product_tag?post=46991"}],"curies":[{"name":"wp","href":"https:\/\/api.w.org\/{rel}","templated":true}]}}