{"id":46945,"date":"2024-05-03T20:54:05","date_gmt":"2024-05-03T18:54:05","guid":{"rendered":"https:\/\/bpshop.hu\/termek\/bp-clothing-x-honey-family-mz-x-white-tee\/"},"modified":"2026-05-07T12:36:49","modified_gmt":"2026-05-07T10:36:49","slug":"bp-clothing-x-honey-family-mz-x-white-tee","status":"publish","type":"product","link":"https:\/\/bpshop.hu\/en\/termek\/bp-clothing-x-honey-family-mz-x-white-tee\/","title":{"rendered":"BP Clothing x Honey Family MZ\/X White Tee"},"content":{"rendered":"<p>MZ\/X (\u00d6csi) is the cubic grandson of G\u00e9za M\u00e9zga, who lived in the 30th century[9] AD. In the first series, Alad\u00e1r converts an old radio into a transmitter-receiver, which is the first means of contact with him. MZ\/X uses a thought-transmitting handheld device called a time extender to communicate with the M\u00e9zgas, who would otherwise not understand the New Hungarian language in which MZ\/X speaks. He sends the 30th-century objects to the M\u00e9zg\u00e1 family as a gift by photocopier. They arrive through a window &#8211; usually not yet opened. He cannot meet the family&#8217;s needs. In the last episode, Paula talks to MZ\/X.        <\/p>\n<p>Aladar, aged 12, is blessed with genius: he tinkers with devices that can take his pretzel on space journeys, and sometimes he contacts his 30th century descendant (his cub-grandson, MZ\/X, or &#8220;Buddy&#8221;) and asks him for various modern items. But only rarely do his family members get to grips with the new tools and opportunities, and then it&#8217;s his turn to pull them out of the trap.  <\/p>\n<p>Aladar&#8217;s only loyal ally is his dog Bl\u00f6ki, who sometimes helps him in his experiments. Other members of the family include his fearlessly strict and somewhat clumsy father (G\u00e9za M\u00e9zga), his kindly but not very strong-minded mother (G\u00e9z\u00e1n M\u00e9zga, n\u00e9e Paula Rezovits) and his slightly ditzy sister (Kriszta) and her cat (Maffia). Other important characters are the irritable neighbour (M\u00e1ris) and the only verbally mentioned Hufn\u00e1gel Pisti, Paula&#8217;s youthful suitor, whom she regrets not having married, as she says at the end of each episode.  <\/p>\n<p>MADE WITH LOVE<\/p>\n<ul>\n<li>100% cotton<\/li>\n<li>Soft feeling<\/li>\n<li>Limited edition<\/li>\n<li>Round neck 1&#215;1 cotton\/lycra with rib<\/li>\n<\/ul>\n","protected":false},"excerpt":{"rendered":"<p>MZ\/X (\u00d6csi) is the cubic grandson of G\u00e9za M\u00e9zga, who lived in the 30th century[9] AD. In the first series, Alad\u00e1r converts an old radio into a transmitter-receiver, which is the first means of contact with him. MZ\/X uses a thought-transmitting handheld device called a time extender to communicate with the M\u00e9zgas, who would otherwise [&hellip;]<\/p>\n","protected":false},"featured_media":26084,"template":"","meta":{"_acf_changed":false},"product_brand":[],"product_cat":[1251,1316,1268,1758,1270,1271],"product_tag":[1556,1373,1317,1304,1318,1326,1306,1555,1272,1333],"class_list":{"0":"post-46945","1":"product","2":"type-product","3":"status-publish","4":"has-post-thumbnail","6":"product_cat-bp-clothing","7":"product_cat-bp-clothing-x-honey-family","8":"product_cat-sale","9":"product_cat-sale40","10":"product_cat-t-shirts","11":"product_cat-whats-new","12":"product_tag-aladar","13":"product_tag-bp-clothing","14":"product_tag-honey","15":"product_tag-honey-family","16":"product_tag-honey-geza","17":"product_tag-hungarian","18":"product_tag-hungarian-product","19":"product_tag-mz-x","20":"product_tag-t-shirt","21":"product_tag-tale","23":"first","24":"instock","25":"taxable","26":"shipping-taxable","27":"purchasable","28":"product-type-variable"},"acf":[],"yoast_head":"<!-- This site is optimized with the Yoast SEO plugin v27.5 - https:\/\/yoast.com\/product\/yoast-seo-wordpress\/ -->\n<title>BP Clothing x Honey Family MZ\/X White Tee - BP Shop<\/title>\n<meta name=\"description\" content=\"Wear with pride the BP Clothing x M\u00e9zga family collab products designed by the king of street art 0036MARK. Be Proud!\" \/>\n<meta name=\"robots\" content=\"index, follow, max-snippet:-1, max-image-preview:large, max-video-preview:-1\" \/>\n<link rel=\"canonical\" href=\"https:\/\/bpshop.hu\/en\/termek\/bp-clothing-x-honey-family-mz-x-white-tee\/\" \/>\n<meta property=\"og:locale\" content=\"en_US\" \/>\n<meta property=\"og:type\" content=\"article\" \/>\n<meta property=\"og:title\" content=\"BP Clothing x Honey Family MZ\/X White Tee - BP Shop\" \/>\n<meta property=\"og:description\" content=\"Wear with pride the BP Clothing x M\u00e9zga family collab products designed by the king of street art 0036MARK. Be Proud!\" \/>\n<meta property=\"og:url\" content=\"https:\/\/bpshop.hu\/en\/termek\/bp-clothing-x-honey-family-mz-x-white-tee\/\" \/>\n<meta property=\"og:site_name\" content=\"BP Shop\" \/>\n<meta property=\"article:publisher\" content=\"https:\/\/www.facebook.com\/bpshophungary\" \/>\n<meta property=\"article:modified_time\" content=\"2026-05-07T10:36:49+00:00\" \/>\n<meta property=\"og:image\" content=\"https:\/\/bpshop.hu\/wp-content\/uploads\/2024\/05\/MZ-X-TSHIRT-FEHER-F.jpg\" \/>\n\t<meta property=\"og:image:width\" content=\"1890\" \/>\n\t<meta property=\"og:image:height\" content=\"1890\" \/>\n\t<meta property=\"og:image:type\" content=\"image\/jpeg\" \/>\n<meta name=\"twitter:card\" content=\"summary_large_image\" \/>\n<meta name=\"twitter:label1\" content=\"Est. reading time\" \/>\n\t<meta name=\"twitter:data1\" content=\"1 minute\" \/>\n<script type=\"application\/ld+json\" class=\"yoast-schema-graph\">{\"@context\":\"https:\\\/\\\/schema.org\",\"@graph\":[{\"@type\":\"WebPage\",\"@id\":\"https:\\\/\\\/bpshop.hu\\\/en\\\/termek\\\/bp-clothing-x-honey-family-mz-x-white-tee\\\/\",\"url\":\"https:\\\/\\\/bpshop.hu\\\/en\\\/termek\\\/bp-clothing-x-honey-family-mz-x-white-tee\\\/\",\"name\":\"BP Clothing x Honey Family MZ\\\/X White Tee - BP Shop\",\"isPartOf\":{\"@id\":\"https:\\\/\\\/bpshop.hu\\\/#website\"},\"primaryImageOfPage\":{\"@id\":\"https:\\\/\\\/bpshop.hu\\\/en\\\/termek\\\/bp-clothing-x-honey-family-mz-x-white-tee\\\/#primaryimage\"},\"image\":{\"@id\":\"https:\\\/\\\/bpshop.hu\\\/en\\\/termek\\\/bp-clothing-x-honey-family-mz-x-white-tee\\\/#primaryimage\"},\"thumbnailUrl\":\"https:\\\/\\\/bpshop.hu\\\/wp-content\\\/uploads\\\/2024\\\/05\\\/MZ-X-TSHIRT-FEHER-F.jpg\",\"datePublished\":\"2024-05-03T18:54:05+00:00\",\"dateModified\":\"2026-05-07T10:36:49+00:00\",\"description\":\"Wear with pride the BP Clothing x M\u00e9zga family collab products designed by the king of street art 0036MARK. Be Proud!\",\"breadcrumb\":{\"@id\":\"https:\\\/\\\/bpshop.hu\\\/en\\\/termek\\\/bp-clothing-x-honey-family-mz-x-white-tee\\\/#breadcrumb\"},\"inLanguage\":\"en-US\",\"potentialAction\":[{\"@type\":\"ReadAction\",\"target\":[\"https:\\\/\\\/bpshop.hu\\\/en\\\/termek\\\/bp-clothing-x-honey-family-mz-x-white-tee\\\/\"]}]},{\"@type\":\"ImageObject\",\"inLanguage\":\"en-US\",\"@id\":\"https:\\\/\\\/bpshop.hu\\\/en\\\/termek\\\/bp-clothing-x-honey-family-mz-x-white-tee\\\/#primaryimage\",\"url\":\"https:\\\/\\\/bpshop.hu\\\/wp-content\\\/uploads\\\/2024\\\/05\\\/MZ-X-TSHIRT-FEHER-F.jpg\",\"contentUrl\":\"https:\\\/\\\/bpshop.hu\\\/wp-content\\\/uploads\\\/2024\\\/05\\\/MZ-X-TSHIRT-FEHER-F.jpg\",\"width\":1890,\"height\":1890},{\"@type\":\"BreadcrumbList\",\"@id\":\"https:\\\/\\\/bpshop.hu\\\/en\\\/termek\\\/bp-clothing-x-honey-family-mz-x-white-tee\\\/#breadcrumb\",\"itemListElement\":[{\"@type\":\"ListItem\",\"position\":1,\"name\":\"Kezd\u0151lap\",\"item\":\"https:\\\/\\\/bpshop.hu\\\/\"},{\"@type\":\"ListItem\",\"position\":2,\"name\":\"Shop\",\"item\":\"https:\\\/\\\/bpshop.hu\\\/uzlet\\\/\"},{\"@type\":\"ListItem\",\"position\":3,\"name\":\"BP Clothing x Honey Family MZ\\\/X White Tee\"}]},{\"@type\":\"WebSite\",\"@id\":\"https:\\\/\\\/bpshop.hu\\\/#website\",\"url\":\"https:\\\/\\\/bpshop.hu\\\/\",\"name\":\"BP Shop\",\"description\":\"BP Clothing\",\"publisher\":{\"@id\":\"https:\\\/\\\/bpshop.hu\\\/#organization\"},\"potentialAction\":[{\"@type\":\"SearchAction\",\"target\":{\"@type\":\"EntryPoint\",\"urlTemplate\":\"https:\\\/\\\/bpshop.hu\\\/?s={search_term_string}\"},\"query-input\":{\"@type\":\"PropertyValueSpecification\",\"valueRequired\":true,\"valueName\":\"search_term_string\"}}],\"inLanguage\":\"en-US\"},{\"@type\":\"Organization\",\"@id\":\"https:\\\/\\\/bpshop.hu\\\/#organization\",\"name\":\"BP Shop\",\"url\":\"https:\\\/\\\/bpshop.hu\\\/\",\"logo\":{\"@type\":\"ImageObject\",\"inLanguage\":\"en-US\",\"@id\":\"https:\\\/\\\/bpshop.hu\\\/#\\\/schema\\\/logo\\\/image\\\/\",\"url\":\"https:\\\/\\\/bpshop.hu\\\/wp-content\\\/uploads\\\/2023\\\/09\\\/BP_logo_100x.png\",\"contentUrl\":\"https:\\\/\\\/bpshop.hu\\\/wp-content\\\/uploads\\\/2023\\\/09\\\/BP_logo_100x.png\",\"width\":100,\"height\":79,\"caption\":\"BP Shop\"},\"image\":{\"@id\":\"https:\\\/\\\/bpshop.hu\\\/#\\\/schema\\\/logo\\\/image\\\/\"},\"sameAs\":[\"https:\\\/\\\/www.facebook.com\\\/bpshophungary\",\"https:\\\/\\\/www.instagram.com\\\/bpshop1873\\\/\"]}]}<\/script>\n<!-- \/ Yoast SEO plugin. -->","yoast_head_json":{"title":"BP Clothing x Honey Family MZ\/X White Tee - BP Shop","description":"Wear with pride the BP Clothing x M\u00e9zga family collab products designed by the king of street art 0036MARK. Be Proud!","robots":{"index":"index","follow":"follow","max-snippet":"max-snippet:-1","max-image-preview":"max-image-preview:large","max-video-preview":"max-video-preview:-1"},"canonical":"https:\/\/bpshop.hu\/en\/termek\/bp-clothing-x-honey-family-mz-x-white-tee\/","og_locale":"en_US","og_type":"article","og_title":"BP Clothing x Honey Family MZ\/X White Tee - BP Shop","og_description":"Wear with pride the BP Clothing x M\u00e9zga family collab products designed by the king of street art 0036MARK. Be Proud!","og_url":"https:\/\/bpshop.hu\/en\/termek\/bp-clothing-x-honey-family-mz-x-white-tee\/","og_site_name":"BP Shop","article_publisher":"https:\/\/www.facebook.com\/bpshophungary","article_modified_time":"2026-05-07T10:36:49+00:00","og_image":[{"width":1890,"height":1890,"url":"https:\/\/bpshop.hu\/wp-content\/uploads\/2024\/05\/MZ-X-TSHIRT-FEHER-F.jpg","type":"image\/jpeg"}],"twitter_card":"summary_large_image","twitter_misc":{"Est. reading time":"1 minute"},"schema":{"@context":"https:\/\/schema.org","@graph":[{"@type":"WebPage","@id":"https:\/\/bpshop.hu\/en\/termek\/bp-clothing-x-honey-family-mz-x-white-tee\/","url":"https:\/\/bpshop.hu\/en\/termek\/bp-clothing-x-honey-family-mz-x-white-tee\/","name":"BP Clothing x Honey Family MZ\/X White Tee - BP Shop","isPartOf":{"@id":"https:\/\/bpshop.hu\/#website"},"primaryImageOfPage":{"@id":"https:\/\/bpshop.hu\/en\/termek\/bp-clothing-x-honey-family-mz-x-white-tee\/#primaryimage"},"image":{"@id":"https:\/\/bpshop.hu\/en\/termek\/bp-clothing-x-honey-family-mz-x-white-tee\/#primaryimage"},"thumbnailUrl":"https:\/\/bpshop.hu\/wp-content\/uploads\/2024\/05\/MZ-X-TSHIRT-FEHER-F.jpg","datePublished":"2024-05-03T18:54:05+00:00","dateModified":"2026-05-07T10:36:49+00:00","description":"Wear with pride the BP Clothing x M\u00e9zga family collab products designed by the king of street art 0036MARK. Be Proud!","breadcrumb":{"@id":"https:\/\/bpshop.hu\/en\/termek\/bp-clothing-x-honey-family-mz-x-white-tee\/#breadcrumb"},"inLanguage":"en-US","potentialAction":[{"@type":"ReadAction","target":["https:\/\/bpshop.hu\/en\/termek\/bp-clothing-x-honey-family-mz-x-white-tee\/"]}]},{"@type":"ImageObject","inLanguage":"en-US","@id":"https:\/\/bpshop.hu\/en\/termek\/bp-clothing-x-honey-family-mz-x-white-tee\/#primaryimage","url":"https:\/\/bpshop.hu\/wp-content\/uploads\/2024\/05\/MZ-X-TSHIRT-FEHER-F.jpg","contentUrl":"https:\/\/bpshop.hu\/wp-content\/uploads\/2024\/05\/MZ-X-TSHIRT-FEHER-F.jpg","width":1890,"height":1890},{"@type":"BreadcrumbList","@id":"https:\/\/bpshop.hu\/en\/termek\/bp-clothing-x-honey-family-mz-x-white-tee\/#breadcrumb","itemListElement":[{"@type":"ListItem","position":1,"name":"Kezd\u0151lap","item":"https:\/\/bpshop.hu\/"},{"@type":"ListItem","position":2,"name":"Shop","item":"https:\/\/bpshop.hu\/uzlet\/"},{"@type":"ListItem","position":3,"name":"BP Clothing x Honey Family MZ\/X White Tee"}]},{"@type":"WebSite","@id":"https:\/\/bpshop.hu\/#website","url":"https:\/\/bpshop.hu\/","name":"BP Shop","description":"BP Clothing","publisher":{"@id":"https:\/\/bpshop.hu\/#organization"},"potentialAction":[{"@type":"SearchAction","target":{"@type":"EntryPoint","urlTemplate":"https:\/\/bpshop.hu\/?s={search_term_string}"},"query-input":{"@type":"PropertyValueSpecification","valueRequired":true,"valueName":"search_term_string"}}],"inLanguage":"en-US"},{"@type":"Organization","@id":"https:\/\/bpshop.hu\/#organization","name":"BP Shop","url":"https:\/\/bpshop.hu\/","logo":{"@type":"ImageObject","inLanguage":"en-US","@id":"https:\/\/bpshop.hu\/#\/schema\/logo\/image\/","url":"https:\/\/bpshop.hu\/wp-content\/uploads\/2023\/09\/BP_logo_100x.png","contentUrl":"https:\/\/bpshop.hu\/wp-content\/uploads\/2023\/09\/BP_logo_100x.png","width":100,"height":79,"caption":"BP Shop"},"image":{"@id":"https:\/\/bpshop.hu\/#\/schema\/logo\/image\/"},"sameAs":["https:\/\/www.facebook.com\/bpshophungary","https:\/\/www.instagram.com\/bpshop1873\/"]}]}},"_links":{"self":[{"href":"https:\/\/bpshop.hu\/en\/wp-json\/wp\/v2\/product\/46945","targetHints":{"allow":["GET"]}}],"collection":[{"href":"https:\/\/bpshop.hu\/en\/wp-json\/wp\/v2\/product"}],"about":[{"href":"https:\/\/bpshop.hu\/en\/wp-json\/wp\/v2\/types\/product"}],"wp:featuredmedia":[{"embeddable":true,"href":"https:\/\/bpshop.hu\/en\/wp-json\/wp\/v2\/media\/26084"}],"wp:attachment":[{"href":"https:\/\/bpshop.hu\/en\/wp-json\/wp\/v2\/media?parent=46945"}],"wp:term":[{"taxonomy":"product_brand","embeddable":true,"href":"https:\/\/bpshop.hu\/en\/wp-json\/wp\/v2\/product_brand?post=46945"},{"taxonomy":"product_cat","embeddable":true,"href":"https:\/\/bpshop.hu\/en\/wp-json\/wp\/v2\/product_cat?post=46945"},{"taxonomy":"product_tag","embeddable":true,"href":"https:\/\/bpshop.hu\/en\/wp-json\/wp\/v2\/product_tag?post=46945"}],"curies":[{"name":"wp","href":"https:\/\/api.w.org\/{rel}","templated":true}]}}