{"id":46096,"date":"2025-03-26T20:22:33","date_gmt":"2025-03-26T19:22:33","guid":{"rendered":"https:\/\/bpshop.hu\/termek\/bp-clothing-x-mezga-csalad-kriszta-trucker\/"},"modified":"2026-01-15T13:39:07","modified_gmt":"2026-01-15T12:39:07","slug":"bp-clothing-x-mezga-csalad-kriszta-trucker","status":"publish","type":"product","link":"https:\/\/bpshop.hu\/en\/termek\/bp-clothing-x-mezga-csalad-kriszta-trucker\/","title":{"rendered":"BP Clothing x M\u00e9zga Csal\u00e1d Kriszta Trucker"},"content":{"rendered":"<p>MZ\/X (\u00d6csi) is the cubic grandson of G\u00e9za M\u00e9zga, who lived in the 30th century[9] AD. In the first series, Alad\u00e1r converts an old radio into a transmitter-receiver, which is the first means of contact with him. MZ\/X uses a thought-transmitting handheld device called a time extender to communicate with the M\u00e9zgas, who would otherwise not understand the New Hungarian language in which MZ\/X speaks. He sends the 30th-century objects to the M\u00e9zg\u00e1 family as a gift by photocopier. They arrive through a window &#8211; usually not yet opened. He cannot meet the family&#8217;s needs. In the last episode, Paula talks to MZ\/X.        <\/p>\n<p>Aladar&#8217;s only loyal ally is his dog Bl\u00f6ki, who sometimes helps him in his experiments. Other members of the family include his fearlessly strict and somewhat clumsy father (G\u00e9za M\u00e9zga), his kindly but not very strong-minded mother (G\u00e9z\u00e1n M\u00e9zga, n\u00e9e Paula Rezovits) and his slightly ditzy sister (Kriszta) and her cat (Maffia). Other important characters are the irritable neighbour (M\u00e1ris) and the only verbally mentioned Hufn\u00e1gel Pisti, Paula&#8217;s youthful suitor, whom she regrets not having married, as she says at the end of each episode.  <\/p>\n<p>&nbsp;<\/p>\n","protected":false},"excerpt":{"rendered":"<p>MZ\/X (\u00d6csi) is the cubic grandson of G\u00e9za M\u00e9zga, who lived in the 30th century[9] AD. In the first series, Alad\u00e1r converts an old radio into a transmitter-receiver, which is the first means of contact with him. MZ\/X uses a thought-transmitting handheld device called a time extender to communicate with the M\u00e9zgas, who would otherwise [&hellip;]<\/p>\n","protected":false},"featured_media":38417,"template":"","meta":{"_acf_changed":false},"product_brand":[],"product_cat":[1251,1316,1288,1758,1253,1255,1554,1289,1271],"product_tag":[1556,1557,1312,1259,1290,1377,1307,1304,1318,1558,1326,1559,1560,1555,1274,1333,1291],"class_list":{"0":"post-46096","1":"product","2":"type-product","3":"status-publish","4":"has-post-thumbnail","6":"product_cat-bp-clothing","7":"product_cat-bp-clothing-x-honey-family","8":"product_cat-caps","9":"product_cat-sale40","10":"product_cat-tax-override","11":"product_cat-taxoverride27","12":"product_cat-the-honey-family","13":"product_cat-trucker","14":"product_cat-whats-new","15":"product_tag-aladar","16":"product_tag-animated-fairy-tale","17":"product_tag-bela-ternovszky","18":"product_tag-bpclothing","19":"product_tag-cap","20":"product_tag-domestic-product","21":"product_tag-fashion","22":"product_tag-honey-family","23":"product_tag-honey-geza","24":"product_tag-hufnager-pisti","25":"product_tag-hungarian","26":"product_tag-krisztina","27":"product_tag-lujzi","28":"product_tag-mz-x","29":"product_tag-new","30":"product_tag-tale","31":"product_tag-trucker","33":"first","34":"instock","35":"taxable","36":"shipping-taxable","37":"purchasable","38":"product-type-simple"},"acf":[],"yoast_head":"<!-- This site is optimized with the Yoast SEO plugin v27.5 - https:\/\/yoast.com\/product\/yoast-seo-wordpress\/ -->\n<title>BP Clothing x M\u00e9zga Csal\u00e1d Kriszta Trucker - BP Shop<\/title>\n<meta name=\"description\" content=\"Was your favourite Hungarian film series the M\u00e9zga Csal\u00e1d? We have good news. Our BP Clothing x M\u00e9zga Camil\u00e1d collection is now available. Choose your favourite today!\" \/>\n<meta name=\"robots\" content=\"index, follow, max-snippet:-1, max-image-preview:large, max-video-preview:-1\" \/>\n<link rel=\"canonical\" href=\"https:\/\/bpshop.hu\/en\/termek\/bp-clothing-x-mezga-csalad-kriszta-trucker\/\" \/>\n<meta property=\"og:locale\" content=\"en_US\" \/>\n<meta property=\"og:type\" content=\"article\" \/>\n<meta property=\"og:title\" content=\"BP Clothing x M\u00e9zga Csal\u00e1d Kriszta Trucker - BP Shop\" \/>\n<meta property=\"og:description\" content=\"Was your favourite Hungarian film series the M\u00e9zga Csal\u00e1d? We have good news. Our BP Clothing x M\u00e9zga Camil\u00e1d collection is now available. Choose your favourite today!\" \/>\n<meta property=\"og:url\" content=\"https:\/\/bpshop.hu\/en\/termek\/bp-clothing-x-mezga-csalad-kriszta-trucker\/\" \/>\n<meta property=\"og:site_name\" content=\"BP Shop\" \/>\n<meta property=\"article:publisher\" content=\"https:\/\/www.facebook.com\/bpshophungary\" \/>\n<meta property=\"article:modified_time\" content=\"2026-01-15T12:39:07+00:00\" \/>\n<meta property=\"og:image\" content=\"https:\/\/bpshop.hu\/wp-content\/uploads\/2025\/03\/KRISZTA-BROWN-TRUCKER-FRONT.jpg\" \/>\n\t<meta property=\"og:image:width\" content=\"1600\" \/>\n\t<meta property=\"og:image:height\" content=\"1600\" \/>\n\t<meta property=\"og:image:type\" content=\"image\/jpeg\" \/>\n<meta name=\"twitter:card\" content=\"summary_large_image\" \/>\n<meta name=\"twitter:label1\" content=\"Est. reading time\" \/>\n\t<meta name=\"twitter:data1\" content=\"1 minute\" \/>\n<script type=\"application\/ld+json\" class=\"yoast-schema-graph\">{\"@context\":\"https:\\\/\\\/schema.org\",\"@graph\":[{\"@type\":\"WebPage\",\"@id\":\"https:\\\/\\\/bpshop.hu\\\/en\\\/termek\\\/bp-clothing-x-mezga-csalad-kriszta-trucker\\\/\",\"url\":\"https:\\\/\\\/bpshop.hu\\\/en\\\/termek\\\/bp-clothing-x-mezga-csalad-kriszta-trucker\\\/\",\"name\":\"BP Clothing x M\u00e9zga Csal\u00e1d Kriszta Trucker - BP Shop\",\"isPartOf\":{\"@id\":\"https:\\\/\\\/bpshop.hu\\\/#website\"},\"primaryImageOfPage\":{\"@id\":\"https:\\\/\\\/bpshop.hu\\\/en\\\/termek\\\/bp-clothing-x-mezga-csalad-kriszta-trucker\\\/#primaryimage\"},\"image\":{\"@id\":\"https:\\\/\\\/bpshop.hu\\\/en\\\/termek\\\/bp-clothing-x-mezga-csalad-kriszta-trucker\\\/#primaryimage\"},\"thumbnailUrl\":\"https:\\\/\\\/bpshop.hu\\\/wp-content\\\/uploads\\\/2025\\\/03\\\/KRISZTA-BROWN-TRUCKER-FRONT.jpg\",\"datePublished\":\"2025-03-26T19:22:33+00:00\",\"dateModified\":\"2026-01-15T12:39:07+00:00\",\"description\":\"Was your favourite Hungarian film series the M\u00e9zga Csal\u00e1d? We have good news. Our BP Clothing x M\u00e9zga Camil\u00e1d collection is now available. Choose your favourite today!\",\"breadcrumb\":{\"@id\":\"https:\\\/\\\/bpshop.hu\\\/en\\\/termek\\\/bp-clothing-x-mezga-csalad-kriszta-trucker\\\/#breadcrumb\"},\"inLanguage\":\"en-US\",\"potentialAction\":[{\"@type\":\"ReadAction\",\"target\":[\"https:\\\/\\\/bpshop.hu\\\/en\\\/termek\\\/bp-clothing-x-mezga-csalad-kriszta-trucker\\\/\"]}]},{\"@type\":\"ImageObject\",\"inLanguage\":\"en-US\",\"@id\":\"https:\\\/\\\/bpshop.hu\\\/en\\\/termek\\\/bp-clothing-x-mezga-csalad-kriszta-trucker\\\/#primaryimage\",\"url\":\"https:\\\/\\\/bpshop.hu\\\/wp-content\\\/uploads\\\/2025\\\/03\\\/KRISZTA-BROWN-TRUCKER-FRONT.jpg\",\"contentUrl\":\"https:\\\/\\\/bpshop.hu\\\/wp-content\\\/uploads\\\/2025\\\/03\\\/KRISZTA-BROWN-TRUCKER-FRONT.jpg\",\"width\":1600,\"height\":1600},{\"@type\":\"BreadcrumbList\",\"@id\":\"https:\\\/\\\/bpshop.hu\\\/en\\\/termek\\\/bp-clothing-x-mezga-csalad-kriszta-trucker\\\/#breadcrumb\",\"itemListElement\":[{\"@type\":\"ListItem\",\"position\":1,\"name\":\"Kezd\u0151lap\",\"item\":\"https:\\\/\\\/bpshop.hu\\\/\"},{\"@type\":\"ListItem\",\"position\":2,\"name\":\"Shop\",\"item\":\"https:\\\/\\\/bpshop.hu\\\/uzlet\\\/\"},{\"@type\":\"ListItem\",\"position\":3,\"name\":\"BP Clothing x M\u00e9zga Csal\u00e1d Kriszta Trucker\"}]},{\"@type\":\"WebSite\",\"@id\":\"https:\\\/\\\/bpshop.hu\\\/#website\",\"url\":\"https:\\\/\\\/bpshop.hu\\\/\",\"name\":\"BP Shop\",\"description\":\"BP Clothing\",\"publisher\":{\"@id\":\"https:\\\/\\\/bpshop.hu\\\/#organization\"},\"potentialAction\":[{\"@type\":\"SearchAction\",\"target\":{\"@type\":\"EntryPoint\",\"urlTemplate\":\"https:\\\/\\\/bpshop.hu\\\/?s={search_term_string}\"},\"query-input\":{\"@type\":\"PropertyValueSpecification\",\"valueRequired\":true,\"valueName\":\"search_term_string\"}}],\"inLanguage\":\"en-US\"},{\"@type\":\"Organization\",\"@id\":\"https:\\\/\\\/bpshop.hu\\\/#organization\",\"name\":\"BP Shop\",\"url\":\"https:\\\/\\\/bpshop.hu\\\/\",\"logo\":{\"@type\":\"ImageObject\",\"inLanguage\":\"en-US\",\"@id\":\"https:\\\/\\\/bpshop.hu\\\/#\\\/schema\\\/logo\\\/image\\\/\",\"url\":\"https:\\\/\\\/bpshop.hu\\\/wp-content\\\/uploads\\\/2023\\\/09\\\/BP_logo_100x.png\",\"contentUrl\":\"https:\\\/\\\/bpshop.hu\\\/wp-content\\\/uploads\\\/2023\\\/09\\\/BP_logo_100x.png\",\"width\":100,\"height\":79,\"caption\":\"BP Shop\"},\"image\":{\"@id\":\"https:\\\/\\\/bpshop.hu\\\/#\\\/schema\\\/logo\\\/image\\\/\"},\"sameAs\":[\"https:\\\/\\\/www.facebook.com\\\/bpshophungary\",\"https:\\\/\\\/www.instagram.com\\\/bpshop1873\\\/\"]}]}<\/script>\n<!-- \/ Yoast SEO plugin. -->","yoast_head_json":{"title":"BP Clothing x M\u00e9zga Csal\u00e1d Kriszta Trucker - BP Shop","description":"Was your favourite Hungarian film series the M\u00e9zga Csal\u00e1d? We have good news. Our BP Clothing x M\u00e9zga Camil\u00e1d collection is now available. Choose your favourite today!","robots":{"index":"index","follow":"follow","max-snippet":"max-snippet:-1","max-image-preview":"max-image-preview:large","max-video-preview":"max-video-preview:-1"},"canonical":"https:\/\/bpshop.hu\/en\/termek\/bp-clothing-x-mezga-csalad-kriszta-trucker\/","og_locale":"en_US","og_type":"article","og_title":"BP Clothing x M\u00e9zga Csal\u00e1d Kriszta Trucker - BP Shop","og_description":"Was your favourite Hungarian film series the M\u00e9zga Csal\u00e1d? We have good news. Our BP Clothing x M\u00e9zga Camil\u00e1d collection is now available. Choose your favourite today!","og_url":"https:\/\/bpshop.hu\/en\/termek\/bp-clothing-x-mezga-csalad-kriszta-trucker\/","og_site_name":"BP Shop","article_publisher":"https:\/\/www.facebook.com\/bpshophungary","article_modified_time":"2026-01-15T12:39:07+00:00","og_image":[{"width":1600,"height":1600,"url":"https:\/\/bpshop.hu\/wp-content\/uploads\/2025\/03\/KRISZTA-BROWN-TRUCKER-FRONT.jpg","type":"image\/jpeg"}],"twitter_card":"summary_large_image","twitter_misc":{"Est. reading time":"1 minute"},"schema":{"@context":"https:\/\/schema.org","@graph":[{"@type":"WebPage","@id":"https:\/\/bpshop.hu\/en\/termek\/bp-clothing-x-mezga-csalad-kriszta-trucker\/","url":"https:\/\/bpshop.hu\/en\/termek\/bp-clothing-x-mezga-csalad-kriszta-trucker\/","name":"BP Clothing x M\u00e9zga Csal\u00e1d Kriszta Trucker - BP Shop","isPartOf":{"@id":"https:\/\/bpshop.hu\/#website"},"primaryImageOfPage":{"@id":"https:\/\/bpshop.hu\/en\/termek\/bp-clothing-x-mezga-csalad-kriszta-trucker\/#primaryimage"},"image":{"@id":"https:\/\/bpshop.hu\/en\/termek\/bp-clothing-x-mezga-csalad-kriszta-trucker\/#primaryimage"},"thumbnailUrl":"https:\/\/bpshop.hu\/wp-content\/uploads\/2025\/03\/KRISZTA-BROWN-TRUCKER-FRONT.jpg","datePublished":"2025-03-26T19:22:33+00:00","dateModified":"2026-01-15T12:39:07+00:00","description":"Was your favourite Hungarian film series the M\u00e9zga Csal\u00e1d? We have good news. Our BP Clothing x M\u00e9zga Camil\u00e1d collection is now available. Choose your favourite today!","breadcrumb":{"@id":"https:\/\/bpshop.hu\/en\/termek\/bp-clothing-x-mezga-csalad-kriszta-trucker\/#breadcrumb"},"inLanguage":"en-US","potentialAction":[{"@type":"ReadAction","target":["https:\/\/bpshop.hu\/en\/termek\/bp-clothing-x-mezga-csalad-kriszta-trucker\/"]}]},{"@type":"ImageObject","inLanguage":"en-US","@id":"https:\/\/bpshop.hu\/en\/termek\/bp-clothing-x-mezga-csalad-kriszta-trucker\/#primaryimage","url":"https:\/\/bpshop.hu\/wp-content\/uploads\/2025\/03\/KRISZTA-BROWN-TRUCKER-FRONT.jpg","contentUrl":"https:\/\/bpshop.hu\/wp-content\/uploads\/2025\/03\/KRISZTA-BROWN-TRUCKER-FRONT.jpg","width":1600,"height":1600},{"@type":"BreadcrumbList","@id":"https:\/\/bpshop.hu\/en\/termek\/bp-clothing-x-mezga-csalad-kriszta-trucker\/#breadcrumb","itemListElement":[{"@type":"ListItem","position":1,"name":"Kezd\u0151lap","item":"https:\/\/bpshop.hu\/"},{"@type":"ListItem","position":2,"name":"Shop","item":"https:\/\/bpshop.hu\/uzlet\/"},{"@type":"ListItem","position":3,"name":"BP Clothing x M\u00e9zga Csal\u00e1d Kriszta Trucker"}]},{"@type":"WebSite","@id":"https:\/\/bpshop.hu\/#website","url":"https:\/\/bpshop.hu\/","name":"BP Shop","description":"BP Clothing","publisher":{"@id":"https:\/\/bpshop.hu\/#organization"},"potentialAction":[{"@type":"SearchAction","target":{"@type":"EntryPoint","urlTemplate":"https:\/\/bpshop.hu\/?s={search_term_string}"},"query-input":{"@type":"PropertyValueSpecification","valueRequired":true,"valueName":"search_term_string"}}],"inLanguage":"en-US"},{"@type":"Organization","@id":"https:\/\/bpshop.hu\/#organization","name":"BP Shop","url":"https:\/\/bpshop.hu\/","logo":{"@type":"ImageObject","inLanguage":"en-US","@id":"https:\/\/bpshop.hu\/#\/schema\/logo\/image\/","url":"https:\/\/bpshop.hu\/wp-content\/uploads\/2023\/09\/BP_logo_100x.png","contentUrl":"https:\/\/bpshop.hu\/wp-content\/uploads\/2023\/09\/BP_logo_100x.png","width":100,"height":79,"caption":"BP Shop"},"image":{"@id":"https:\/\/bpshop.hu\/#\/schema\/logo\/image\/"},"sameAs":["https:\/\/www.facebook.com\/bpshophungary","https:\/\/www.instagram.com\/bpshop1873\/"]}]}},"_links":{"self":[{"href":"https:\/\/bpshop.hu\/en\/wp-json\/wp\/v2\/product\/46096","targetHints":{"allow":["GET"]}}],"collection":[{"href":"https:\/\/bpshop.hu\/en\/wp-json\/wp\/v2\/product"}],"about":[{"href":"https:\/\/bpshop.hu\/en\/wp-json\/wp\/v2\/types\/product"}],"wp:featuredmedia":[{"embeddable":true,"href":"https:\/\/bpshop.hu\/en\/wp-json\/wp\/v2\/media\/38417"}],"wp:attachment":[{"href":"https:\/\/bpshop.hu\/en\/wp-json\/wp\/v2\/media?parent=46096"}],"wp:term":[{"taxonomy":"product_brand","embeddable":true,"href":"https:\/\/bpshop.hu\/en\/wp-json\/wp\/v2\/product_brand?post=46096"},{"taxonomy":"product_cat","embeddable":true,"href":"https:\/\/bpshop.hu\/en\/wp-json\/wp\/v2\/product_cat?post=46096"},{"taxonomy":"product_tag","embeddable":true,"href":"https:\/\/bpshop.hu\/en\/wp-json\/wp\/v2\/product_tag?post=46096"}],"curies":[{"name":"wp","href":"https:\/\/api.w.org\/{rel}","templated":true}]}}