{"id":45836,"date":"2024-05-03T20:53:04","date_gmt":"2024-05-03T18:53:04","guid":{"rendered":"https:\/\/bpshop.hu\/termek\/bp-clothing-x-honey-family-aladar-white-tee\/"},"modified":"2026-01-15T13:45:54","modified_gmt":"2026-01-15T12:45:54","slug":"bp-clothing-x-honey-family-aladar-white-tee","status":"publish","type":"product","link":"https:\/\/bpshop.hu\/en\/termek\/bp-clothing-x-honey-family-aladar-white-tee\/","title":{"rendered":"BP Clothing x Honey Family Aladar White Tee"},"content":{"rendered":"<p><i>M\u00e9zga Alad\u00e1r<\/i> is the son of G\u00e9za M\u00e9zga and Paula. He converted an old radio into a transmitter in his separate room. They use it to keep in touch with MZ\/X. Thanks to his creativity and technical skills, he makes new inventions from household objects. Among other things, this is how he created the ultra-modern radio. Most of the time, he uses his father&#8217;s things, who is regularly distracted by them. Kriszta calls him &#8220;Aladdin the Idiot&#8221;, despite the fact that he always turns to him for help with his homework. Their banter is one of the main sources of humour in the series. Alad\u00e1r becomes the protagonist of the second series, in which he travels around the world in his inflatable rubber spaceship &#8220;Gulliver&#8221;, accompanied by his faithful companion, Bl\u00f6ki the dog. He stores the unused spaceship in violin cases and fills it with soda siphon.         <\/p>\n<p>Aladar, aged 12, is blessed with genius: he tinkers with devices that can take his pretzel on space journeys, and sometimes he contacts his 30th century descendant (his cub-grandson, MZ\/X, or &#8220;Buddy&#8221;) and asks him for various modern items. But only rarely do his family members get to grips with the new tools and opportunities, and then it&#8217;s his turn to pull them out of the trap.  <\/p>\n<p>Aladar&#8217;s only loyal ally is his dog Bl\u00f6ki, who sometimes helps him in his experiments. Other members of the family include his fearlessly strict and somewhat clumsy father (G\u00e9za M\u00e9zga), his kindly but not very strong-minded mother (G\u00e9z\u00e1n M\u00e9zga, n\u00e9e Paula Rezovits) and his slightly ditzy sister (Kriszta) and her cat (Maffia). Other important characters are the irritable neighbour (M\u00e1ris) and the only verbally mentioned Hufn\u00e1gel Pisti, Paula&#8217;s youthful suitor, whom she regrets not having married, as she says at the end of each episode.  <\/p>\n<p>MADE WITH LOVE<\/p>\n<ul>\n<li>100% cotton<\/li>\n<li>Soft feeling<\/li>\n<li>Limited edition<\/li>\n<li>Round neck 1&#215;1 cotton\/lycra with rib<\/li>\n<\/ul>\n","protected":false},"excerpt":{"rendered":"<p>M\u00e9zga Alad\u00e1r is the son of G\u00e9za M\u00e9zga and Paula. He converted an old radio into a transmitter in his separate room. They use it to keep in touch with MZ\/X. Thanks to his creativity and technical skills, he makes new inventions from household objects. Among other things, this is how he created the ultra-modern [&hellip;]<\/p>\n","protected":false},"featured_media":26082,"template":"","meta":{"_acf_changed":false},"product_brand":[],"product_cat":[1251,1316,1268,1758,1270,1271],"product_tag":[1259,1317,1318,1274,1272],"class_list":{"0":"post-45836","1":"product","2":"type-product","3":"status-publish","4":"has-post-thumbnail","6":"product_cat-bp-clothing","7":"product_cat-bp-clothing-x-honey-family","8":"product_cat-sale","9":"product_cat-sale40","10":"product_cat-t-shirts","11":"product_cat-whats-new","12":"product_tag-bpclothing","13":"product_tag-honey","14":"product_tag-honey-geza","15":"product_tag-new","16":"product_tag-t-shirt","18":"first","19":"instock","20":"taxable","21":"shipping-taxable","22":"purchasable","23":"product-type-variable"},"acf":[],"yoast_head":"<!-- This site is optimized with the Yoast SEO plugin v27.5 - https:\/\/yoast.com\/product\/yoast-seo-wordpress\/ -->\n<title>BP Clothing x Honey Family Aladar White Tee - BP Shop<\/title>\n<meta name=\"description\" content=\"Spice up your outfit with the M\u00e9zga family x BP, which combines the character of the cult cartoon with streetwear style.\" \/>\n<meta name=\"robots\" content=\"index, follow, max-snippet:-1, max-image-preview:large, max-video-preview:-1\" \/>\n<link rel=\"canonical\" href=\"https:\/\/bpshop.hu\/en\/termek\/bp-clothing-x-honey-family-aladar-white-tee\/\" \/>\n<meta property=\"og:locale\" content=\"en_US\" \/>\n<meta property=\"og:type\" content=\"article\" \/>\n<meta property=\"og:title\" content=\"BP Clothing x Honey Family Aladar White Tee - BP Shop\" \/>\n<meta property=\"og:description\" content=\"Spice up your outfit with the M\u00e9zga family x BP, which combines the character of the cult cartoon with streetwear style.\" \/>\n<meta property=\"og:url\" content=\"https:\/\/bpshop.hu\/en\/termek\/bp-clothing-x-honey-family-aladar-white-tee\/\" \/>\n<meta property=\"og:site_name\" content=\"BP Shop\" \/>\n<meta property=\"article:publisher\" content=\"https:\/\/www.facebook.com\/bpshophungary\" \/>\n<meta property=\"article:modified_time\" content=\"2026-01-15T12:45:54+00:00\" \/>\n<meta property=\"og:image\" content=\"https:\/\/bpshop.hu\/wp-content\/uploads\/2024\/05\/ALADAR-TSHIRT-FEHER-F.jpg\" \/>\n\t<meta property=\"og:image:width\" content=\"1890\" \/>\n\t<meta property=\"og:image:height\" content=\"1890\" \/>\n\t<meta property=\"og:image:type\" content=\"image\/jpeg\" \/>\n<meta name=\"twitter:card\" content=\"summary_large_image\" \/>\n<meta name=\"twitter:label1\" content=\"Est. reading time\" \/>\n\t<meta name=\"twitter:data1\" content=\"2 minutes\" \/>\n<script type=\"application\/ld+json\" class=\"yoast-schema-graph\">{\"@context\":\"https:\\\/\\\/schema.org\",\"@graph\":[{\"@type\":\"WebPage\",\"@id\":\"https:\\\/\\\/bpshop.hu\\\/en\\\/termek\\\/bp-clothing-x-honey-family-aladar-white-tee\\\/\",\"url\":\"https:\\\/\\\/bpshop.hu\\\/en\\\/termek\\\/bp-clothing-x-honey-family-aladar-white-tee\\\/\",\"name\":\"BP Clothing x Honey Family Aladar White Tee - BP Shop\",\"isPartOf\":{\"@id\":\"https:\\\/\\\/bpshop.hu\\\/#website\"},\"primaryImageOfPage\":{\"@id\":\"https:\\\/\\\/bpshop.hu\\\/en\\\/termek\\\/bp-clothing-x-honey-family-aladar-white-tee\\\/#primaryimage\"},\"image\":{\"@id\":\"https:\\\/\\\/bpshop.hu\\\/en\\\/termek\\\/bp-clothing-x-honey-family-aladar-white-tee\\\/#primaryimage\"},\"thumbnailUrl\":\"https:\\\/\\\/bpshop.hu\\\/wp-content\\\/uploads\\\/2024\\\/05\\\/ALADAR-TSHIRT-FEHER-F.jpg\",\"datePublished\":\"2024-05-03T18:53:04+00:00\",\"dateModified\":\"2026-01-15T12:45:54+00:00\",\"description\":\"Spice up your outfit with the M\u00e9zga family x BP, which combines the character of the cult cartoon with streetwear style.\",\"breadcrumb\":{\"@id\":\"https:\\\/\\\/bpshop.hu\\\/en\\\/termek\\\/bp-clothing-x-honey-family-aladar-white-tee\\\/#breadcrumb\"},\"inLanguage\":\"en-US\",\"potentialAction\":[{\"@type\":\"ReadAction\",\"target\":[\"https:\\\/\\\/bpshop.hu\\\/en\\\/termek\\\/bp-clothing-x-honey-family-aladar-white-tee\\\/\"]}]},{\"@type\":\"ImageObject\",\"inLanguage\":\"en-US\",\"@id\":\"https:\\\/\\\/bpshop.hu\\\/en\\\/termek\\\/bp-clothing-x-honey-family-aladar-white-tee\\\/#primaryimage\",\"url\":\"https:\\\/\\\/bpshop.hu\\\/wp-content\\\/uploads\\\/2024\\\/05\\\/ALADAR-TSHIRT-FEHER-F.jpg\",\"contentUrl\":\"https:\\\/\\\/bpshop.hu\\\/wp-content\\\/uploads\\\/2024\\\/05\\\/ALADAR-TSHIRT-FEHER-F.jpg\",\"width\":1890,\"height\":1890},{\"@type\":\"BreadcrumbList\",\"@id\":\"https:\\\/\\\/bpshop.hu\\\/en\\\/termek\\\/bp-clothing-x-honey-family-aladar-white-tee\\\/#breadcrumb\",\"itemListElement\":[{\"@type\":\"ListItem\",\"position\":1,\"name\":\"Kezd\u0151lap\",\"item\":\"https:\\\/\\\/bpshop.hu\\\/\"},{\"@type\":\"ListItem\",\"position\":2,\"name\":\"Shop\",\"item\":\"https:\\\/\\\/bpshop.hu\\\/uzlet\\\/\"},{\"@type\":\"ListItem\",\"position\":3,\"name\":\"BP Clothing x Honey Family Aladar White Tee\"}]},{\"@type\":\"WebSite\",\"@id\":\"https:\\\/\\\/bpshop.hu\\\/#website\",\"url\":\"https:\\\/\\\/bpshop.hu\\\/\",\"name\":\"BP Shop\",\"description\":\"BP Clothing\",\"publisher\":{\"@id\":\"https:\\\/\\\/bpshop.hu\\\/#organization\"},\"potentialAction\":[{\"@type\":\"SearchAction\",\"target\":{\"@type\":\"EntryPoint\",\"urlTemplate\":\"https:\\\/\\\/bpshop.hu\\\/?s={search_term_string}\"},\"query-input\":{\"@type\":\"PropertyValueSpecification\",\"valueRequired\":true,\"valueName\":\"search_term_string\"}}],\"inLanguage\":\"en-US\"},{\"@type\":\"Organization\",\"@id\":\"https:\\\/\\\/bpshop.hu\\\/#organization\",\"name\":\"BP Shop\",\"url\":\"https:\\\/\\\/bpshop.hu\\\/\",\"logo\":{\"@type\":\"ImageObject\",\"inLanguage\":\"en-US\",\"@id\":\"https:\\\/\\\/bpshop.hu\\\/#\\\/schema\\\/logo\\\/image\\\/\",\"url\":\"https:\\\/\\\/bpshop.hu\\\/wp-content\\\/uploads\\\/2023\\\/09\\\/BP_logo_100x.png\",\"contentUrl\":\"https:\\\/\\\/bpshop.hu\\\/wp-content\\\/uploads\\\/2023\\\/09\\\/BP_logo_100x.png\",\"width\":100,\"height\":79,\"caption\":\"BP Shop\"},\"image\":{\"@id\":\"https:\\\/\\\/bpshop.hu\\\/#\\\/schema\\\/logo\\\/image\\\/\"},\"sameAs\":[\"https:\\\/\\\/www.facebook.com\\\/bpshophungary\",\"https:\\\/\\\/www.instagram.com\\\/bpshop1873\\\/\"]}]}<\/script>\n<!-- \/ Yoast SEO plugin. -->","yoast_head_json":{"title":"BP Clothing x Honey Family Aladar White Tee - BP Shop","description":"Spice up your outfit with the M\u00e9zga family x BP, which combines the character of the cult cartoon with streetwear style.","robots":{"index":"index","follow":"follow","max-snippet":"max-snippet:-1","max-image-preview":"max-image-preview:large","max-video-preview":"max-video-preview:-1"},"canonical":"https:\/\/bpshop.hu\/en\/termek\/bp-clothing-x-honey-family-aladar-white-tee\/","og_locale":"en_US","og_type":"article","og_title":"BP Clothing x Honey Family Aladar White Tee - BP Shop","og_description":"Spice up your outfit with the M\u00e9zga family x BP, which combines the character of the cult cartoon with streetwear style.","og_url":"https:\/\/bpshop.hu\/en\/termek\/bp-clothing-x-honey-family-aladar-white-tee\/","og_site_name":"BP Shop","article_publisher":"https:\/\/www.facebook.com\/bpshophungary","article_modified_time":"2026-01-15T12:45:54+00:00","og_image":[{"width":1890,"height":1890,"url":"https:\/\/bpshop.hu\/wp-content\/uploads\/2024\/05\/ALADAR-TSHIRT-FEHER-F.jpg","type":"image\/jpeg"}],"twitter_card":"summary_large_image","twitter_misc":{"Est. reading time":"2 minutes"},"schema":{"@context":"https:\/\/schema.org","@graph":[{"@type":"WebPage","@id":"https:\/\/bpshop.hu\/en\/termek\/bp-clothing-x-honey-family-aladar-white-tee\/","url":"https:\/\/bpshop.hu\/en\/termek\/bp-clothing-x-honey-family-aladar-white-tee\/","name":"BP Clothing x Honey Family Aladar White Tee - BP Shop","isPartOf":{"@id":"https:\/\/bpshop.hu\/#website"},"primaryImageOfPage":{"@id":"https:\/\/bpshop.hu\/en\/termek\/bp-clothing-x-honey-family-aladar-white-tee\/#primaryimage"},"image":{"@id":"https:\/\/bpshop.hu\/en\/termek\/bp-clothing-x-honey-family-aladar-white-tee\/#primaryimage"},"thumbnailUrl":"https:\/\/bpshop.hu\/wp-content\/uploads\/2024\/05\/ALADAR-TSHIRT-FEHER-F.jpg","datePublished":"2024-05-03T18:53:04+00:00","dateModified":"2026-01-15T12:45:54+00:00","description":"Spice up your outfit with the M\u00e9zga family x BP, which combines the character of the cult cartoon with streetwear style.","breadcrumb":{"@id":"https:\/\/bpshop.hu\/en\/termek\/bp-clothing-x-honey-family-aladar-white-tee\/#breadcrumb"},"inLanguage":"en-US","potentialAction":[{"@type":"ReadAction","target":["https:\/\/bpshop.hu\/en\/termek\/bp-clothing-x-honey-family-aladar-white-tee\/"]}]},{"@type":"ImageObject","inLanguage":"en-US","@id":"https:\/\/bpshop.hu\/en\/termek\/bp-clothing-x-honey-family-aladar-white-tee\/#primaryimage","url":"https:\/\/bpshop.hu\/wp-content\/uploads\/2024\/05\/ALADAR-TSHIRT-FEHER-F.jpg","contentUrl":"https:\/\/bpshop.hu\/wp-content\/uploads\/2024\/05\/ALADAR-TSHIRT-FEHER-F.jpg","width":1890,"height":1890},{"@type":"BreadcrumbList","@id":"https:\/\/bpshop.hu\/en\/termek\/bp-clothing-x-honey-family-aladar-white-tee\/#breadcrumb","itemListElement":[{"@type":"ListItem","position":1,"name":"Kezd\u0151lap","item":"https:\/\/bpshop.hu\/"},{"@type":"ListItem","position":2,"name":"Shop","item":"https:\/\/bpshop.hu\/uzlet\/"},{"@type":"ListItem","position":3,"name":"BP Clothing x Honey Family Aladar White Tee"}]},{"@type":"WebSite","@id":"https:\/\/bpshop.hu\/#website","url":"https:\/\/bpshop.hu\/","name":"BP Shop","description":"BP Clothing","publisher":{"@id":"https:\/\/bpshop.hu\/#organization"},"potentialAction":[{"@type":"SearchAction","target":{"@type":"EntryPoint","urlTemplate":"https:\/\/bpshop.hu\/?s={search_term_string}"},"query-input":{"@type":"PropertyValueSpecification","valueRequired":true,"valueName":"search_term_string"}}],"inLanguage":"en-US"},{"@type":"Organization","@id":"https:\/\/bpshop.hu\/#organization","name":"BP Shop","url":"https:\/\/bpshop.hu\/","logo":{"@type":"ImageObject","inLanguage":"en-US","@id":"https:\/\/bpshop.hu\/#\/schema\/logo\/image\/","url":"https:\/\/bpshop.hu\/wp-content\/uploads\/2023\/09\/BP_logo_100x.png","contentUrl":"https:\/\/bpshop.hu\/wp-content\/uploads\/2023\/09\/BP_logo_100x.png","width":100,"height":79,"caption":"BP Shop"},"image":{"@id":"https:\/\/bpshop.hu\/#\/schema\/logo\/image\/"},"sameAs":["https:\/\/www.facebook.com\/bpshophungary","https:\/\/www.instagram.com\/bpshop1873\/"]}]}},"_links":{"self":[{"href":"https:\/\/bpshop.hu\/en\/wp-json\/wp\/v2\/product\/45836","targetHints":{"allow":["GET"]}}],"collection":[{"href":"https:\/\/bpshop.hu\/en\/wp-json\/wp\/v2\/product"}],"about":[{"href":"https:\/\/bpshop.hu\/en\/wp-json\/wp\/v2\/types\/product"}],"wp:featuredmedia":[{"embeddable":true,"href":"https:\/\/bpshop.hu\/en\/wp-json\/wp\/v2\/media\/26082"}],"wp:attachment":[{"href":"https:\/\/bpshop.hu\/en\/wp-json\/wp\/v2\/media?parent=45836"}],"wp:term":[{"taxonomy":"product_brand","embeddable":true,"href":"https:\/\/bpshop.hu\/en\/wp-json\/wp\/v2\/product_brand?post=45836"},{"taxonomy":"product_cat","embeddable":true,"href":"https:\/\/bpshop.hu\/en\/wp-json\/wp\/v2\/product_cat?post=45836"},{"taxonomy":"product_tag","embeddable":true,"href":"https:\/\/bpshop.hu\/en\/wp-json\/wp\/v2\/product_tag?post=45836"}],"curies":[{"name":"wp","href":"https:\/\/api.w.org\/{rel}","templated":true}]}}